{"id":2821,"date":"2018-04-06T16:56:53","date_gmt":"2018-04-06T14:56:53","guid":{"rendered":"http:\/\/www.stroppabio.it\/de\/?page_id=2821"},"modified":"2022-10-27T11:20:07","modified_gmt":"2022-10-27T09:20:07","slug":"gluten-free","status":"publish","type":"page","link":"https:\/\/www.stroppabio.it\/de\/biologische-delikatessen\/gluten-free\/","title":{"rendered":"Gluten free"},"content":{"rendered":"<div class=\"wpb-content-wrapper\"><p>[vc_row][vc_column][tbay_title_heading title=&#8221;Gluten free&#8221; descript=&#8221;Biologische Delikatessen&#8221; align=&#8221;center&#8221;][\/vc_column][\/vc_row][vc_row][vc_column width=&#8221;1\/2&#8243;][vc_single_image image=&#8221;2633&#8243; img_size=&#8221;full&#8221; css_animation=&#8221;fadeInLeft&#8221;][\/vc_column][vc_column width=&#8221;1\/2&#8243;][vc_column_text]<\/p>\n<blockquote><p>K\u00f6stliche glutenfreie Produkte f\u00fcr diejenigen, die nicht auf Geschmack verzichten wollen.<\/p><\/blockquote>\n<p>[\/vc_column_text][vc_tta_tour][vc_tta_section title=&#8221;Gnocchi di patate&#8221; tab_id=&#8221;1522688601935-8951f683-a5b2&#8243;][vc_column_text]F\u00fcr diejenigen, die Gluten nicht vertragen, ein traditionelles Gericht der italienischen K\u00fcche mit wenigen und einfachen Zutaten.[\/vc_column_text][vc_single_image image=&#8221;3414&#8243; img_size=&#8221;full&#8221; css_animation=&#8221;top-to-bottom&#8221;][\/vc_tta_section][vc_tta_section title=&#8221;Gnocchetti alla zucca&#8221; tab_id=&#8221;1522688601936-8a512abb-2013&#8243;][vc_column_text]Weiche und k\u00f6stliche, mit einem zarten und leicht w\u00fcrzigen Geschmack, zubereitet mit dem Fruchtfleisch der besten K\u00fcrbisse.[\/vc_column_text][vc_single_image image=&#8221;3405&#8243; img_size=&#8221;full&#8221; css_animation=&#8221;top-to-bottom&#8221;][\/vc_tta_section][vc_tta_section title=&#8221;Gnocchi ai legumi&#8221; tab_id=&#8221;1530168277060-6aad2139-abda&#8221;][vc_column_text]Reich an Proteinen, leicht verdaulich da ohne Gluten hinterlassen sie ein l\u00e4nger anhaltendes S\u00e4ttigungsgef\u00fchl als klassische Nudeln.[\/vc_column_text][vc_single_image image=&#8221;4124&#8243; img_size=&#8221;full&#8221;][\/vc_tta_section][vc_tta_section title=&#8221;Gnocchi ai formaggi&#8221; tab_id=&#8221;1523025929024-ad18e502-1304&#8243;][vc_column_text]Eine weiche Tasce mit einem einzigartigen Duft, der nur ausgew\u00e4hlte Frischk\u00e4se enth\u00e4lt, welche eine perfekte Mischung ergibt.[\/vc_column_text][vc_single_image image=&#8221;3409&#8243; img_size=&#8221;full&#8221;][\/vc_tta_section][\/vc_tta_tour][\/vc_column][\/vc_row]<\/p>\n<\/div>","protected":false},"excerpt":{"rendered":"<p>[vc_row][vc_column][tbay_title_heading title=&#8221;Gluten free&#8221; descript=&#8221;Biologische Delikatessen&#8221; align=&#8221;center&#8221;][\/vc_column][\/vc_row][vc_row][vc_column width=&#8221;1\/2&#8243;][vc_single_image image=&#8221;2633&#8243; img_size=&#8221;full&#8221; css_animation=&#8221;fadeInLeft&#8221;][\/vc_column][vc_column width=&#8221;1\/2&#8243;][vc_column_text] K\u00f6stliche glutenfreie Produkte f\u00fcr diejenigen, die nicht auf Geschmack verzichten wollen. [\/vc_column_text][vc_tta_tour][vc_tta_section title=&#8221;Gnocchi di patate&#8221; tab_id=&#8221;1522688601935-8951f683-a5b2&#8243;][vc_column_text]F\u00fcr diejenigen, die Gluten nicht vertragen, ein traditionelles Gericht der italienischen K\u00fcche mit wenigen und einfachen Zutaten.[\/vc_column_text][vc_single_image image=&#8221;3414&#8243; img_size=&#8221;full&#8221; css_animation=&#8221;top-to-bottom&#8221;][\/vc_tta_section][vc_tta_section title=&#8221;Gnocchetti alla zucca&#8221; tab_id=&#8221;1522688601936-8a512abb-2013&#8243;][vc_column_text]Weiche und k\u00f6stliche, mit einem zarten &hellip; <a href=\"https:\/\/www.stroppabio.it\/de\/biologische-delikatessen\/gluten-free\/\" class=\"more-link\">Continue reading <span class=\"screen-reader-text\">Gluten free<\/span><\/a><\/p>\n","protected":false},"author":1,"featured_media":0,"parent":2815,"menu_order":6,"comment_status":"closed","ping_status":"closed","template":"","meta":{"footnotes":""},"class_list":["post-2821","page","type-page","status-publish","hentry"],"aioseo_notices":[],"_links":{"self":[{"href":"https:\/\/www.stroppabio.it\/de\/wp-json\/wp\/v2\/pages\/2821","targetHints":{"allow":["GET"]}}],"collection":[{"href":"https:\/\/www.stroppabio.it\/de\/wp-json\/wp\/v2\/pages"}],"about":[{"href":"https:\/\/www.stroppabio.it\/de\/wp-json\/wp\/v2\/types\/page"}],"author":[{"embeddable":true,"href":"https:\/\/www.stroppabio.it\/de\/wp-json\/wp\/v2\/users\/1"}],"replies":[{"embeddable":true,"href":"https:\/\/www.stroppabio.it\/de\/wp-json\/wp\/v2\/comments?post=2821"}],"version-history":[{"count":9,"href":"https:\/\/www.stroppabio.it\/de\/wp-json\/wp\/v2\/pages\/2821\/revisions"}],"predecessor-version":[{"id":4314,"href":"https:\/\/www.stroppabio.it\/de\/wp-json\/wp\/v2\/pages\/2821\/revisions\/4314"}],"up":[{"embeddable":true,"href":"https:\/\/www.stroppabio.it\/de\/wp-json\/wp\/v2\/pages\/2815"}],"wp:attachment":[{"href":"https:\/\/www.stroppabio.it\/de\/wp-json\/wp\/v2\/media?parent=2821"}],"curies":[{"name":"wp","href":"https:\/\/api.w.org\/{rel}","templated":true}]}}