{"id":2851,"date":"2018-04-06T16:30:03","date_gmt":"2018-04-06T14:30:03","guid":{"rendered":"http:\/\/www.stroppabio.it\/de\/?page_id=2851"},"modified":"2020-04-01T14:37:07","modified_gmt":"2020-04-01T12:37:07","slug":"pasta-ripiena","status":"publish","type":"page","link":"https:\/\/www.stroppabio.it\/de\/biologische-delikatessen\/pasta-ripiena\/","title":{"rendered":"Pasta ripiena"},"content":{"rendered":"<div class=\"wpb-content-wrapper\"><p>[vc_row][vc_column][tbay_title_heading title=&#8221;Pasta ripiena&#8221; descript=&#8221;Biologische Delikatessen&#8221; align=&#8221;center&#8221;][\/vc_column][\/vc_row][vc_row][vc_column width=&#8221;1\/2&#8243;][vc_single_image image=&#8221;2637&#8243; img_size=&#8221;full&#8221; css_animation=&#8221;fadeInLeft&#8221;][\/vc_column][vc_column width=&#8221;1\/2&#8243;][vc_column_text]<\/p>\n<blockquote><p>Ein k\u00f6stliches Gleichgewicht von Aromen, welche die F\u00fcllungen lecker machen.<\/p><\/blockquote>\n<p>[\/vc_column_text][vc_tta_tour][vc_tta_section title=&#8221;Tortelloni al pesto&#8221; tab_id=&#8221;1522688601935-8951f683-a5b2&#8243;][vc_column_text]K\u00f6stliche Tortelloni mit einer leckeren F\u00fcllung aus Basilikum und ganzen Pinienkernen.[\/vc_column_text][vc_single_image image=&#8221;3427&#8243; img_size=&#8221;full&#8221; css_animation=&#8221;top-to-bottom&#8221;][\/vc_tta_section][vc_tta_section title=&#8221;Tortelloni ricotta e spinaci&#8221; tab_id=&#8221;1523024902149-bcc9b256-d24d&#8221;][vc_column_text]Ein weicher und zarter Geschmackskern, bestehend aus sanfter H\u00fcttenk\u00e4se und frischen Spinat f\u00fcr einen leichten und echten ersten Gang.[\/vc_column_text][vc_single_image image=&#8221;3428&#8243; img_size=&#8221;full&#8221;][\/vc_tta_section][\/vc_tta_tour][\/vc_column][\/vc_row]<\/p>\n<\/div>","protected":false},"excerpt":{"rendered":"<p>[vc_row][vc_column][tbay_title_heading title=&#8221;Pasta ripiena&#8221; descript=&#8221;Biologische Delikatessen&#8221; align=&#8221;center&#8221;][\/vc_column][\/vc_row][vc_row][vc_column width=&#8221;1\/2&#8243;][vc_single_image image=&#8221;2637&#8243; img_size=&#8221;full&#8221; css_animation=&#8221;fadeInLeft&#8221;][\/vc_column][vc_column width=&#8221;1\/2&#8243;][vc_column_text] Ein k\u00f6stliches Gleichgewicht von Aromen, welche die F\u00fcllungen lecker machen. [\/vc_column_text][vc_tta_tour][vc_tta_section title=&#8221;Tortelloni al pesto&#8221; tab_id=&#8221;1522688601935-8951f683-a5b2&#8243;][vc_column_text]K\u00f6stliche Tortelloni mit einer leckeren F\u00fcllung aus Basilikum und ganzen Pinienkernen.[\/vc_column_text][vc_single_image image=&#8221;3427&#8243; img_size=&#8221;full&#8221; css_animation=&#8221;top-to-bottom&#8221;][\/vc_tta_section][vc_tta_section title=&#8221;Tortelloni ricotta e spinaci&#8221; tab_id=&#8221;1523024902149-bcc9b256-d24d&#8221;][vc_column_text]Ein weicher und zarter Geschmackskern, bestehend aus sanfter H\u00fcttenk\u00e4se und frischen Spinat &hellip; <a href=\"https:\/\/www.stroppabio.it\/de\/biologische-delikatessen\/pasta-ripiena\/\" class=\"more-link\">Continue reading <span class=\"screen-reader-text\">Pasta ripiena<\/span><\/a><\/p>\n","protected":false},"author":1,"featured_media":0,"parent":2815,"menu_order":4,"comment_status":"closed","ping_status":"closed","template":"","meta":{"footnotes":""},"class_list":["post-2851","page","type-page","status-publish","hentry"],"aioseo_notices":[],"_links":{"self":[{"href":"https:\/\/www.stroppabio.it\/de\/wp-json\/wp\/v2\/pages\/2851","targetHints":{"allow":["GET"]}}],"collection":[{"href":"https:\/\/www.stroppabio.it\/de\/wp-json\/wp\/v2\/pages"}],"about":[{"href":"https:\/\/www.stroppabio.it\/de\/wp-json\/wp\/v2\/types\/page"}],"author":[{"embeddable":true,"href":"https:\/\/www.stroppabio.it\/de\/wp-json\/wp\/v2\/users\/1"}],"replies":[{"embeddable":true,"href":"https:\/\/www.stroppabio.it\/de\/wp-json\/wp\/v2\/comments?post=2851"}],"version-history":[{"count":4,"href":"https:\/\/www.stroppabio.it\/de\/wp-json\/wp\/v2\/pages\/2851\/revisions"}],"predecessor-version":[{"id":4112,"href":"https:\/\/www.stroppabio.it\/de\/wp-json\/wp\/v2\/pages\/2851\/revisions\/4112"}],"up":[{"embeddable":true,"href":"https:\/\/www.stroppabio.it\/de\/wp-json\/wp\/v2\/pages\/2815"}],"wp:attachment":[{"href":"https:\/\/www.stroppabio.it\/de\/wp-json\/wp\/v2\/media?parent=2851"}],"curies":[{"name":"wp","href":"https:\/\/api.w.org\/{rel}","templated":true}]}}