{"id":2857,"date":"2018-04-06T16:48:04","date_gmt":"2018-04-06T14:48:04","guid":{"rendered":"http:\/\/www.stroppabio.it\/de\/?page_id=2857"},"modified":"2020-02-05T15:39:41","modified_gmt":"2020-02-05T14:39:41","slug":"pasta-ripiena-doppia-sfoglia","status":"publish","type":"page","link":"https:\/\/www.stroppabio.it\/de\/biologische-delikatessen\/pasta-ripiena-doppia-sfoglia\/","title":{"rendered":"Pasta ripiena doppia sfoglia"},"content":{"rendered":"<div class=\"wpb-content-wrapper\"><p>[vc_row][vc_column][tbay_title_heading title=&#8221;Pasta ripiena doppia sfoglia&#8221; descript=&#8221;Biologische Delikatessen&#8221; align=&#8221;center&#8221;][\/vc_column][\/vc_row][vc_row][vc_column width=&#8221;1\/2&#8243;][vc_single_image image=&#8221;2638&#8243; img_size=&#8221;full&#8221; css_animation=&#8221;fadeInLeft&#8221;][\/vc_column][vc_column width=&#8221;1\/2&#8243;][vc_column_text]<\/p>\n<blockquote><p>Doppelter Gaumengenuss in perfekter Harmonie von Aromen.<\/p><\/blockquote>\n<p>[\/vc_column_text][vc_tta_tour][vc_tta_section title=&#8221;Ravioli ricotta e spinaci semi-integrali&#8221; tab_id=&#8221;1522688601935-8951f683-a5b2&#8243;][vc_column_text]Eine Halbkorn- Bl\u00e4tterteigtasche mit weichen und zarten Aromen, bestehend aus frischer H\u00fcttenk\u00e4se und sorgf\u00e4ltig ausgew\u00e4hltem Spinat.[\/vc_column_text][vc_single_image image=&#8221;3425&#8243; img_size=&#8221;full&#8221; css_animation=&#8221;top-to-bottom&#8221;][\/vc_tta_section][vc_tta_section title=&#8221;Mezzelune ai funghi porcini&#8221; tab_id=&#8221;1522688601936-8a512abb-2013&#8243;][vc_column_text]Ein Meisterwerk des Genusses, f\u00fcr ein intensiven und verf\u00fchrerischen Geschmack, der sich durch das unverwechselbare Aroma von Steinpilzen auszeichnet.[\/vc_column_text][vc_single_image image=&#8221;3418&#8243; img_size=&#8221;full&#8221; css_animation=&#8221;top-to-bottom&#8221;][\/vc_tta_section][vc_tta_section title=&#8221;Girasoli Gorgonzola DOP, pere e miele&#8221; tab_id=&#8221;1523024902149-bcc9b256-d24d&#8221;][vc_column_text]Ein Geschmackskern der eine echte Delikatesse f\u00fcr den Gaumen enth\u00e4lt,<br \/>\nein au\u00dfergew\u00f6hnliches Geschmackserlebnis.[\/vc_column_text][vc_single_image image=&#8221;3431&#8243; img_size=&#8221;full&#8221;][\/vc_tta_section][vc_tta_section title=&#8221;Quadratoni ai formaggi&#8221; tab_id=&#8221;1523025929024-ad18e502-1304&#8243;][vc_column_text]\u00c4u\u00dferst k\u00f6stlich und aromatisch, ein appetitanregender und schmackhafter erster Gang, mit K\u00e4sen mit gesch\u00fctzter Ursprungsbezeichnung.[\/vc_column_text][vc_single_image image=&#8221;3421&#8243; img_size=&#8221;full&#8221;][\/vc_tta_section][\/vc_tta_tour][\/vc_column][\/vc_row]<\/p>\n<\/div>","protected":false},"excerpt":{"rendered":"<p>[vc_row][vc_column][tbay_title_heading title=&#8221;Pasta ripiena doppia sfoglia&#8221; descript=&#8221;Biologische Delikatessen&#8221; align=&#8221;center&#8221;][\/vc_column][\/vc_row][vc_row][vc_column width=&#8221;1\/2&#8243;][vc_single_image image=&#8221;2638&#8243; img_size=&#8221;full&#8221; css_animation=&#8221;fadeInLeft&#8221;][\/vc_column][vc_column width=&#8221;1\/2&#8243;][vc_column_text] Doppelter Gaumengenuss in perfekter Harmonie von Aromen. [\/vc_column_text][vc_tta_tour][vc_tta_section title=&#8221;Ravioli ricotta e spinaci semi-integrali&#8221; tab_id=&#8221;1522688601935-8951f683-a5b2&#8243;][vc_column_text]Eine Halbkorn- Bl\u00e4tterteigtasche mit weichen und zarten Aromen, bestehend aus frischer H\u00fcttenk\u00e4se und sorgf\u00e4ltig ausgew\u00e4hltem Spinat.[\/vc_column_text][vc_single_image image=&#8221;3425&#8243; img_size=&#8221;full&#8221; css_animation=&#8221;top-to-bottom&#8221;][\/vc_tta_section][vc_tta_section title=&#8221;Mezzelune ai funghi porcini&#8221; tab_id=&#8221;1522688601936-8a512abb-2013&#8243;][vc_column_text]Ein Meisterwerk des Genusses, f\u00fcr ein &hellip; <a href=\"https:\/\/www.stroppabio.it\/de\/biologische-delikatessen\/pasta-ripiena-doppia-sfoglia\/\" class=\"more-link\">Continue reading <span class=\"screen-reader-text\">Pasta ripiena doppia sfoglia<\/span><\/a><\/p>\n","protected":false},"author":1,"featured_media":0,"parent":2815,"menu_order":5,"comment_status":"closed","ping_status":"closed","template":"","meta":{"footnotes":""},"class_list":["post-2857","page","type-page","status-publish","hentry"],"aioseo_notices":[],"_links":{"self":[{"href":"https:\/\/www.stroppabio.it\/de\/wp-json\/wp\/v2\/pages\/2857","targetHints":{"allow":["GET"]}}],"collection":[{"href":"https:\/\/www.stroppabio.it\/de\/wp-json\/wp\/v2\/pages"}],"about":[{"href":"https:\/\/www.stroppabio.it\/de\/wp-json\/wp\/v2\/types\/page"}],"author":[{"embeddable":true,"href":"https:\/\/www.stroppabio.it\/de\/wp-json\/wp\/v2\/users\/1"}],"replies":[{"embeddable":true,"href":"https:\/\/www.stroppabio.it\/de\/wp-json\/wp\/v2\/comments?post=2857"}],"version-history":[{"count":6,"href":"https:\/\/www.stroppabio.it\/de\/wp-json\/wp\/v2\/pages\/2857\/revisions"}],"predecessor-version":[{"id":4114,"href":"https:\/\/www.stroppabio.it\/de\/wp-json\/wp\/v2\/pages\/2857\/revisions\/4114"}],"up":[{"embeddable":true,"href":"https:\/\/www.stroppabio.it\/de\/wp-json\/wp\/v2\/pages\/2815"}],"wp:attachment":[{"href":"https:\/\/www.stroppabio.it\/de\/wp-json\/wp\/v2\/media?parent=2857"}],"curies":[{"name":"wp","href":"https:\/\/api.w.org\/{rel}","templated":true}]}}