{"id":2863,"date":"2018-04-06T17:03:03","date_gmt":"2018-04-06T15:03:03","guid":{"rendered":"http:\/\/www.stroppabio.it\/de\/?page_id=2863"},"modified":"2020-02-05T15:27:14","modified_gmt":"2020-02-05T14:27:14","slug":"pasta-ripiena-vegana","status":"publish","type":"page","link":"https:\/\/www.stroppabio.it\/de\/biologische-delikatessen\/pasta-ripiena-vegana\/","title":{"rendered":"Pasta ripiena vegana"},"content":{"rendered":"<div class=\"wpb-content-wrapper\"><p>[vc_row][vc_column][tbay_title_heading title=&#8221;Pasta ripiena vegana&#8221; descript=&#8221; Biologische Delikatessen&#8221; align=&#8221;center&#8221;][\/vc_column][\/vc_row][vc_row][vc_column width=&#8221;1\/2&#8243;][vc_single_image image=&#8221;4052&#8243; img_size=&#8221;full&#8221; css_animation=&#8221;fadeInLeft&#8221;][\/vc_column][vc_column width=&#8221;1\/2&#8243;][vc_column_text]<\/p>\n<blockquote><p>Eine Auswahl an gesunden und biologischen v\u00f6llig nat\u00fcrlichen Zutaten.<\/p><\/blockquote>\n<p>[\/vc_column_text][vc_tta_tour][vc_tta_section title=&#8221;Quadratoni semi-integrali con barbabietole e noci&#8221; tab_id=&#8221;1522688601935-8951f683-a5b2&#8243;][vc_column_text]Eine F\u00fcllung die aus Zutaten besteht, die reich an Vitaminen und N\u00e4hrwert-Eigenschaften besteht, delikat und leicht im Geschmack.[\/vc_column_text][vc_single_image image=&#8221;4049&#8243; img_size=&#8221;full&#8221; css_animation=&#8221;top-to-bottom&#8221;][\/vc_tta_section][vc_tta_section title=&#8221;Quadratoni semi-integrali con spinaci e cavolo nero&#8221; tab_id=&#8221;1522688601936-8a512abb-2013&#8243;][vc_column_text]Eine nahrhafte und unverf\u00e4lschte Mischung, die an rustikale und b\u00e4uerliche Aromen erinnert und aus hochwertigen Zutaten hergestellt wird.[\/vc_column_text][vc_single_image image=&#8221;4050&#8243; img_size=&#8221;full&#8221; css_animation=&#8221;top-to-bottom&#8221;][\/vc_tta_section][vc_tta_section title=&#8221;Quadratoni semi-integrali con patate dolci, ceci e rosmarino&#8221; tab_id=&#8221;1580885488333-1dbe4fb7-b356&#8243;][vc_column_text]Eine samtig anmutende Pasta, die den Geschmack von S\u00fc\u00dfkartoffeln mit der Zartheit von Kichererbsen verbindet und den lebhaften Ton von Rosmarin hinzuf\u00fcgt.[\/vc_column_text][vc_single_image image=&#8221;4048&#8243; img_size=&#8221;full&#8221; css_animation=&#8221;top-to-bottom&#8221;][\/vc_tta_section][\/vc_tta_tour][\/vc_column][\/vc_row]<\/p>\n<\/div>","protected":false},"excerpt":{"rendered":"<p>[vc_row][vc_column][tbay_title_heading title=&#8221;Pasta ripiena vegana&#8221; descript=&#8221; Biologische Delikatessen&#8221; align=&#8221;center&#8221;][\/vc_column][\/vc_row][vc_row][vc_column width=&#8221;1\/2&#8243;][vc_single_image image=&#8221;4052&#8243; img_size=&#8221;full&#8221; css_animation=&#8221;fadeInLeft&#8221;][\/vc_column][vc_column width=&#8221;1\/2&#8243;][vc_column_text] Eine Auswahl an gesunden und biologischen v\u00f6llig nat\u00fcrlichen Zutaten. [\/vc_column_text][vc_tta_tour][vc_tta_section title=&#8221;Quadratoni semi-integrali con barbabietole e noci&#8221; tab_id=&#8221;1522688601935-8951f683-a5b2&#8243;][vc_column_text]Eine F\u00fcllung die aus Zutaten besteht, die reich an Vitaminen und N\u00e4hrwert-Eigenschaften besteht, delikat und leicht im Geschmack.[\/vc_column_text][vc_single_image image=&#8221;4049&#8243; img_size=&#8221;full&#8221; css_animation=&#8221;top-to-bottom&#8221;][\/vc_tta_section][vc_tta_section title=&#8221;Quadratoni semi-integrali con spinaci e &hellip; <a href=\"https:\/\/www.stroppabio.it\/de\/biologische-delikatessen\/pasta-ripiena-vegana\/\" class=\"more-link\">Continue reading <span class=\"screen-reader-text\">Pasta ripiena vegana<\/span><\/a><\/p>\n","protected":false},"author":1,"featured_media":0,"parent":2815,"menu_order":7,"comment_status":"closed","ping_status":"closed","template":"","meta":{"footnotes":""},"class_list":["post-2863","page","type-page","status-publish","hentry"],"aioseo_notices":[],"_links":{"self":[{"href":"https:\/\/www.stroppabio.it\/de\/wp-json\/wp\/v2\/pages\/2863","targetHints":{"allow":["GET"]}}],"collection":[{"href":"https:\/\/www.stroppabio.it\/de\/wp-json\/wp\/v2\/pages"}],"about":[{"href":"https:\/\/www.stroppabio.it\/de\/wp-json\/wp\/v2\/types\/page"}],"author":[{"embeddable":true,"href":"https:\/\/www.stroppabio.it\/de\/wp-json\/wp\/v2\/users\/1"}],"replies":[{"embeddable":true,"href":"https:\/\/www.stroppabio.it\/de\/wp-json\/wp\/v2\/comments?post=2863"}],"version-history":[{"count":6,"href":"https:\/\/www.stroppabio.it\/de\/wp-json\/wp\/v2\/pages\/2863\/revisions"}],"predecessor-version":[{"id":4109,"href":"https:\/\/www.stroppabio.it\/de\/wp-json\/wp\/v2\/pages\/2863\/revisions\/4109"}],"up":[{"embeddable":true,"href":"https:\/\/www.stroppabio.it\/de\/wp-json\/wp\/v2\/pages\/2815"}],"wp:attachment":[{"href":"https:\/\/www.stroppabio.it\/de\/wp-json\/wp\/v2\/media?parent=2863"}],"curies":[{"name":"wp","href":"https:\/\/api.w.org\/{rel}","templated":true}]}}