{"id":2871,"date":"2018-03-26T17:07:18","date_gmt":"2018-03-26T15:07:18","guid":{"rendered":"http:\/\/www.stroppabio.it\/de\/?page_id=2871"},"modified":"2024-02-02T10:00:14","modified_gmt":"2024-02-02T09:00:14","slug":"certificazioni","status":"publish","type":"page","link":"https:\/\/www.stroppabio.it\/de\/certificazioni\/","title":{"rendered":"Zertifizierungen"},"content":{"rendered":"<div class=\"wpb-content-wrapper\"><p>[vc_row][vc_column width=&#8221;1\/2&#8243;][vc_column_text]<\/p>\n<blockquote><p>Die Stroppa Bio-Produktlinie wird nach den <strong>Standards- und<\/strong><br \/>\n<strong>Qualit\u00e4tsrichtlinien gefertigt<\/strong>. Form, Konsistenz und Geschmack sind durch eine s<strong>trenge Auswahl an Zutaten gew\u00e4hrleistet<\/strong>, die in <strong>sicheren Umgebungen<\/strong> behandelt werden und gem\u00e4\u00df den gesetzlichen Bestimmungen die strengsten Verarbeitungs- und Sicherheitsanforderungen erf\u00fcllen.<\/p><\/blockquote>\n<p>[\/vc_column_text][\/vc_column][vc_column width=&#8221;1\/2&#8243;][\/vc_column][\/vc_row][vc_row][vc_column width=&#8221;1\/4&#8243;][vc_single_image image=&#8221;2718&#8243; img_size=&#8221;full&#8221; onclick=&#8221;custom_link&#8221; img_link_target=&#8221;_blank&#8221; link=&#8221;https:\/\/www.stroppabio.it\/wp-content\/uploads\/2024\/01\/Pastificio-Stroppa-Certificato-BIO-009-Organic-2024.pdf&#8221;][vc_separator color=&#8221;green&#8221;][vc_column_text]<strong>Ccpb<\/strong><\/p>\n<p>Zertifizierte Produkte, die vom <strong>Landwirtschaftsministerium<\/strong> als biologisch anerkannt wurden.<\/p>\n<p><strong><a href=\"https:\/\/www.stroppabio.it\/wp-content\/uploads\/2024\/01\/Pastificio-Stroppa-Certificato-BIO-009-Organic-2024.pdf\">Zertifikat herunterladen &gt;&gt;<\/a><\/strong>[\/vc_column_text][\/vc_column][vc_column width=&#8221;1\/4&#8243;][vc_single_image image=&#8221;2720&#8243; img_size=&#8221;full&#8221; onclick=&#8221;custom_link&#8221; img_link_target=&#8221;_blank&#8221; link=&#8221;https:\/\/www.stroppabio.it\/wp-content\/uploads\/2024\/01\/Pastificio-Stroppa-Certificato-IFS-2024.pdf&#8221;][vc_separator color=&#8221;green&#8221;][vc_column_text]<strong>Ifs<\/strong><\/p>\n<p>Standard, der die effektive <strong>Auswahl der Lieferanten<\/strong> von Marken-Lebensmittel des organisierten Gro\u00dfvertriebs garantiert. Referenzmodell anerkannt sowohl in <strong>Europa<\/strong> als auch im <strong>Rest der Welt<\/strong>.<\/p>\n<p><a href=\"https:\/\/www.stroppabio.it\/wp-content\/uploads\/2024\/01\/Pastificio-Stroppa-Certificato-IFS-2024.pdf\"><strong>Zertifikat herunterladen &gt;&gt;<\/strong><\/a>[\/vc_column_text][\/vc_column][vc_column width=&#8221;1\/4&#8243;][vc_single_image image=&#8221;2721&#8243; img_size=&#8221;full&#8221; onclick=&#8221;custom_link&#8221; img_link_target=&#8221;_blank&#8221; link=&#8221;http:\/\/www.celiachia.it\/home\/HomePage.aspx&#8221;][vc_separator color=&#8221;green&#8221;][vc_column_text]<strong>Gew\u00e4hrung der Glutenfrei-Symbol der Associazione Italiana Celiachia (die italienische Z\u00f6liakiegesellschaft)<\/strong><\/p>\n<p>Produkte geeignet f\u00fcr Z\u00f6liake mit einem <strong>Glutengehalt von weniger als 20 Teile pro Million<\/strong>.<\/p>\n<p><a href=\"http:\/\/www.celiachia.it\/home\/HomePage.aspx\"><strong>Wenn Sie hier<\/strong><\/a> oder auf das Logo klicken, k\u00f6nnen Sie alle lizenzierten Produkte der Marke Spiga Barrata direkt auf der AIC-Website sehen.<\/p>\n<p><a href=\"https:\/\/www.stroppabio.it\/wp-content\/uploads\/2022\/04\/AIC-2021-scad-11.2024-1.pdf\"><strong>Laden Sie das Zertifikat der Marke Spiga Barrata hereunter\u00a0 &gt;&gt;<\/strong><\/a>[\/vc_column_text][\/vc_column][vc_column width=&#8221;1\/4&#8243;][vc_single_image image=&#8221;2722&#8243; img_size=&#8221;full&#8221;][vc_separator color=&#8221;green&#8221;][vc_column_text]<strong>Ministerielle Genehmigung f\u00fcr glutenfreie Produkte<\/strong><\/p>\n<p><strong>Produkte geeignet f\u00fcr Z\u00f6liake<\/strong> und verf\u00fcgbare vom nationalem Gesundheitsdienst Italienischem.[\/vc_column_text][\/vc_column][\/vc_row][vc_row][vc_column width=&#8221;1\/4&#8243;][vc_single_image image=&#8221;2723&#8243; img_size=&#8221;full&#8221; onclick=&#8221;custom_link&#8221; img_link_target=&#8221;_blank&#8221; link=&#8221;https:\/\/www.stroppabio.it\/wp-content\/uploads\/2024\/01\/Pastificio-Stroppa-Certificato-Vegan-2024.pdf&#8221;][vc_separator color=&#8221;green&#8221;][vc_column_text]<strong>Vegan<\/strong><\/p>\n<p>Produkte ohne <strong>Inhaltsstoffe und Derivate tierischen Ursprungs<\/strong>.<\/p>\n<p><a href=\"https:\/\/www.stroppabio.it\/wp-content\/uploads\/2024\/01\/Pastificio-Stroppa-Certificato-Vegan-2024.pdf\"><strong>Zertifikat herunterladen &gt;&gt;<\/strong><\/a>[\/vc_column_text][\/vc_column][vc_column width=&#8221;1\/4&#8243;][vc_single_image image=&#8221;4358&#8243; img_size=&#8221;full&#8221; onclick=&#8221;custom_link&#8221; img_link_target=&#8221;_blank&#8221; link=&#8221;https:\/\/www.stroppabio.it\/wp-content\/uploads\/2023\/05\/Modello-Organizzativo-231-Stroppa-1.pdf&#8221;][vc_separator color=&#8221;green&#8221;][vc_column_text]<strong>Mod. 231<\/strong><\/p>\n<p class=\"p1\"><a href=\"https:\/\/www.stroppabio.it\/wp-content\/uploads\/2023\/05\/Modello-Organizzativo-231-Stroppa-1.pdf\"><strong>Mod herunterladen. 231 &gt;&gt;<\/strong><\/a><\/p>\n<p>[\/vc_column_text][\/vc_column][vc_column width=&#8221;1\/4&#8243;][\/vc_column][vc_column width=&#8221;1\/4&#8243;][\/vc_column][\/vc_row]<\/p>\n<\/div>","protected":false},"excerpt":{"rendered":"<p>[vc_row][vc_column width=&#8221;1\/2&#8243;][vc_column_text] Die Stroppa Bio-Produktlinie wird nach den Standards- und Qualit\u00e4tsrichtlinien gefertigt. Form, Konsistenz und Geschmack sind durch eine strenge Auswahl an Zutaten gew\u00e4hrleistet, die in sicheren Umgebungen behandelt werden und gem\u00e4\u00df den gesetzlichen Bestimmungen die strengsten Verarbeitungs- und Sicherheitsanforderungen erf\u00fcllen. [\/vc_column_text][\/vc_column][vc_column width=&#8221;1\/2&#8243;][\/vc_column][\/vc_row][vc_row][vc_column width=&#8221;1\/4&#8243;][vc_single_image image=&#8221;2718&#8243; img_size=&#8221;full&#8221; onclick=&#8221;custom_link&#8221; img_link_target=&#8221;_blank&#8221; link=&#8221;https:\/\/www.stroppabio.it\/wp-content\/uploads\/2024\/01\/Pastificio-Stroppa-Certificato-BIO-009-Organic-2024.pdf&#8221;][vc_separator color=&#8221;green&#8221;][vc_column_text]Ccpb Zertifizierte Produkte, die vom Landwirtschaftsministerium &hellip; <a href=\"https:\/\/www.stroppabio.it\/de\/certificazioni\/\" class=\"more-link\">Continue reading <span class=\"screen-reader-text\">Zertifizierungen<\/span><\/a><\/p>\n","protected":false},"author":1,"featured_media":0,"parent":0,"menu_order":2,"comment_status":"closed","ping_status":"closed","template":"","meta":{"footnotes":""},"class_list":["post-2871","page","type-page","status-publish","hentry"],"aioseo_notices":[],"_links":{"self":[{"href":"https:\/\/www.stroppabio.it\/de\/wp-json\/wp\/v2\/pages\/2871","targetHints":{"allow":["GET"]}}],"collection":[{"href":"https:\/\/www.stroppabio.it\/de\/wp-json\/wp\/v2\/pages"}],"about":[{"href":"https:\/\/www.stroppabio.it\/de\/wp-json\/wp\/v2\/types\/page"}],"author":[{"embeddable":true,"href":"https:\/\/www.stroppabio.it\/de\/wp-json\/wp\/v2\/users\/1"}],"replies":[{"embeddable":true,"href":"https:\/\/www.stroppabio.it\/de\/wp-json\/wp\/v2\/comments?post=2871"}],"version-history":[{"count":19,"href":"https:\/\/www.stroppabio.it\/de\/wp-json\/wp\/v2\/pages\/2871\/revisions"}],"predecessor-version":[{"id":4404,"href":"https:\/\/www.stroppabio.it\/de\/wp-json\/wp\/v2\/pages\/2871\/revisions\/4404"}],"wp:attachment":[{"href":"https:\/\/www.stroppabio.it\/de\/wp-json\/wp\/v2\/media?parent=2871"}],"curies":[{"name":"wp","href":"https:\/\/api.w.org\/{rel}","templated":true}]}}