{"id":3184,"date":"2018-05-09T10:58:04","date_gmt":"2018-05-09T08:58:04","guid":{"rendered":"http:\/\/www.stroppabio.it\/de\/?page_id=3184"},"modified":"2018-09-10T12:07:42","modified_gmt":"2018-09-10T10:07:42","slug":"qualitaetsprodukte","status":"publish","type":"page","link":"https:\/\/www.stroppabio.it\/de\/qualitaetsprodukte\/","title":{"rendered":"Qualit\u00e4tsprodukte"},"content":{"rendered":"<div class=\"wpb-content-wrapper\"><p>[vc_row el_class=&#8221;text-center&#8221;][vc_column][tbay_title_heading title=&#8221;Qualit\u00e4t &#8221; descript=&#8221;seit 1970&#8243; style=&#8221;style2&#8243; align=&#8221;center&#8221; buttons=&#8221;btn-default btn-outline&#8221; buttons2=&#8221;btn-default btn-outline&#8221; el_class=&#8221;title_underlined text-center&#8221;][vc_column_text css_animation=&#8221;fadeInUp&#8221;]<\/p>\n<div class=\"about-sub\">\n<p>Die Qualit\u00e4t ist seit 1970 immer gleich geblieben: Frische Nudeln, um <strong>k\u00f6stliche Gerichte<\/strong> zu kreieren und ein <strong>Geschmackserlebnis<\/strong> mit dem typischen und einzigartigen Aroma der italienischen Tradition zu erfahren. Mit von 250g bis hin zu Ein-Kilo-Catering Formaten und mit einer Haltbarkeit von bis zu 90 Tagen, bietet Stroppa Bio <em>gnocchi, tortelloni, ravioli, tagliatelle, orecchiette, trofie, foglie d\u2019ulivo, lasagne, mezzelune, girasoli, quadratoni, gnocchetti <\/em>und<em> polentine.<\/em><\/p>\n<\/div>\n<p>[\/vc_column_text][vc_row_inner css=&#8221;.vc_custom_1504689041779{background-color: #fcfcfc !important;}&#8221;][vc_column_inner width=&#8221;1\/2&#8243;][vc_single_image image=&#8221;2408&#8243; img_size=&#8221;full&#8221; css_animation=&#8221;fadeInLeft&#8221; el_class=&#8221;no-link&#8221;][\/vc_column_inner][vc_column_inner width=&#8221;1\/2&#8243; css=&#8221;.vc_custom_1504689074321{padding-top: 113px !important;}&#8221;][tbay_title_heading title=&#8221;Einer nach dem anderen&#8221; descript=&#8221;ausgew\u00e4hlte Zutaten&#8221; align=&#8221;center&#8221; buttons=&#8221;btn-default btn-outline&#8221; buttons2=&#8221;btn-default btn-outline&#8221; el_class=&#8221;title_underlined text-center&#8221;][vc_column_text css_animation=&#8221;fadeInUp&#8221;]<\/p>\n<div class=\"about-sub\">\n<p>Sorgf\u00e4ltig <strong>von den besten Herstellern<\/strong> ausgew\u00e4hlt, erm\u00f6glichen sie uns, qualitativ <strong>hochwertige<\/strong> handwerkliche Produkte anzubieten.<\/p>\n<\/div>\n<p>[\/vc_column_text][\/vc_column_inner][\/vc_row_inner][vc_row_inner css=&#8221;.vc_custom_1504689041779{background-color: #fcfcfc !important;}&#8221;][vc_column_inner el_class=&#8221; pull-right&#8221; width=&#8221;1\/2&#8243;][vc_single_image image=&#8221;3635&#8243; img_size=&#8221;full&#8221; css_animation=&#8221;fadeInRight&#8221; el_class=&#8221;no-link&#8221;][\/vc_column_inner][vc_column_inner width=&#8221;1\/2&#8243; css=&#8221;.vc_custom_1504689074321{padding-top: 113px !important;}&#8221;][tbay_title_heading title=&#8221;Wir bringen die italienische K\u00fcche &#8221; descript=&#8221;auf den Tisch&#8221; align=&#8221;center&#8221; buttons=&#8221;btn-default btn-outline&#8221; buttons2=&#8221;btn-default btn-outline&#8221; el_class=&#8221;title_underlined text-center&#8221;][vc_column_text css_animation=&#8221;fadeInUp&#8221;]<\/p>\n<div class=\"about-sub\">\n<p>Jedes einzelne St\u00fcck wird mit der <strong>Sorgfalt<\/strong> und <strong>Leidenschaft<\/strong> geschaffen, die uns schon immer auszeichnen und mit denen wir unsere Produkte in\u00a0 die europ\u00e4ische H\u00e4user bef\u00f6rdern, um die <strong>Magie des Tisches, der Familie, des guten Essens zur\u00fcckzubringen<\/strong><strong>.<\/strong><\/p>\n<\/div>\n<p>[\/vc_column_text][\/vc_column_inner][\/vc_row_inner][\/vc_column][\/vc_row][vc_row][vc_column][vc_empty_space height=&#8221;50px&#8221;][\/vc_column][\/vc_row]<\/p>\n<\/div>","protected":false},"excerpt":{"rendered":"<p>[vc_row el_class=&#8221;text-center&#8221;][vc_column][tbay_title_heading title=&#8221;Qualit\u00e4t &#8221; descript=&#8221;seit 1970&#8243; style=&#8221;style2&#8243; align=&#8221;center&#8221; buttons=&#8221;btn-default btn-outline&#8221; buttons2=&#8221;btn-default btn-outline&#8221; el_class=&#8221;title_underlined text-center&#8221;][vc_column_text css_animation=&#8221;fadeInUp&#8221;] Die Qualit\u00e4t ist seit 1970 immer gleich geblieben: Frische Nudeln, um k\u00f6stliche Gerichte zu kreieren und ein Geschmackserlebnis mit dem typischen und einzigartigen Aroma der italienischen Tradition zu erfahren. Mit von 250g bis hin zu Ein-Kilo-Catering Formaten und mit einer &hellip; <a href=\"https:\/\/www.stroppabio.it\/de\/qualitaetsprodukte\/\" class=\"more-link\">Continue reading <span class=\"screen-reader-text\">Qualit\u00e4tsprodukte<\/span><\/a><\/p>\n","protected":false},"author":1,"featured_media":0,"parent":0,"menu_order":4,"comment_status":"closed","ping_status":"closed","template":"","meta":{"footnotes":""},"class_list":["post-3184","page","type-page","status-publish","hentry"],"aioseo_notices":[],"_links":{"self":[{"href":"https:\/\/www.stroppabio.it\/de\/wp-json\/wp\/v2\/pages\/3184","targetHints":{"allow":["GET"]}}],"collection":[{"href":"https:\/\/www.stroppabio.it\/de\/wp-json\/wp\/v2\/pages"}],"about":[{"href":"https:\/\/www.stroppabio.it\/de\/wp-json\/wp\/v2\/types\/page"}],"author":[{"embeddable":true,"href":"https:\/\/www.stroppabio.it\/de\/wp-json\/wp\/v2\/users\/1"}],"replies":[{"embeddable":true,"href":"https:\/\/www.stroppabio.it\/de\/wp-json\/wp\/v2\/comments?post=3184"}],"version-history":[{"count":3,"href":"https:\/\/www.stroppabio.it\/de\/wp-json\/wp\/v2\/pages\/3184\/revisions"}],"predecessor-version":[{"id":3702,"href":"https:\/\/www.stroppabio.it\/de\/wp-json\/wp\/v2\/pages\/3184\/revisions\/3702"}],"wp:attachment":[{"href":"https:\/\/www.stroppabio.it\/de\/wp-json\/wp\/v2\/media?parent=3184"}],"curies":[{"name":"wp","href":"https:\/\/api.w.org\/{rel}","templated":true}]}}