{"id":4068,"date":"2020-02-05T15:02:25","date_gmt":"2020-02-05T14:02:25","guid":{"rendered":"http:\/\/www.stroppabio.it\/?page_id=4068"},"modified":"2020-02-07T16:37:41","modified_gmt":"2020-02-07T15:37:41","slug":"pasta-fresca-ai-legumi","status":"publish","type":"page","link":"https:\/\/www.stroppabio.it\/de\/biologische-delikatessen\/pasta-fresca-ai-legumi\/","title":{"rendered":"Pasta fresca ai legumi"},"content":{"rendered":"<div class=\"wpb-content-wrapper\"><p>[vc_row][vc_column][tbay_title_heading title=&#8221;Pasta fresca ai legumi&#8221; descript=&#8221;Biologische Delikatessen&#8221; align=&#8221;center&#8221;][\/vc_column][\/vc_row][vc_row][vc_column width=&#8221;1\/2&#8243;][vc_single_image image=&#8221;4071&#8243; img_size=&#8221;full&#8221; css_animation=&#8221;fadeInLeft&#8221;][\/vc_column][vc_column width=&#8221;1\/2&#8243;][vc_column_text]<\/p>\n<blockquote><p>Das w\u00fcrzige Aroma und die N\u00e4hrwert-Eigenschaften der H\u00fclsenfr\u00fcchte verleihen der Pasta einen originellen Geschmack.<\/p><\/blockquote>\n<p>[\/vc_column_text][vc_tta_tour][vc_tta_section title=&#8221;Fusilli ai ceci&#8221; tab_id=&#8221;1522688601935-8951f683-a5b2&#8243;][vc_column_text]Eine schmackhafte Pasta mit einer idealen Konsistenz, bindet So\u00dfen und Gew\u00fcrze, eine gesunde und k\u00f6stliche Wahl f\u00fcr eine wohlschmeckende Mahlzeit.[\/vc_column_text][vc_single_image image=&#8221;4141&#8243; img_size=&#8221;full&#8221; css_animation=&#8221;top-to-bottom&#8221;][\/vc_tta_section][vc_tta_section title=&#8221;Volanti alle lenticchie rosse&#8221; tab_id=&#8221;1580909488347-f8d98d65-0992&#8243;][vc_column_text]Ungew\u00f6hnlich und originell die Form, eine einzigartige Pasta mit einem k\u00f6stlichen Geschmack, der auch dem Geschmack der Kleinsten entspricht.[\/vc_column_text][vc_single_image image=&#8221;4072&#8243; img_size=&#8221;full&#8221; css_animation=&#8221;top-to-bottom&#8221;][\/vc_tta_section][vc_tta_section title=&#8221;Sedanini ai piselli&#8221; tab_id=&#8221;1580909486113-5177244b-a142&#8243;][vc_column_text]Kurze Pasta mit leichter Kurve. Sie ist kalorienarm und proteinreich und bewahrt die positiven Eigenschaften der Erbsen.[\/vc_column_text][vc_single_image image=&#8221;4142&#8243; img_size=&#8221;full&#8221; css_animation=&#8221;top-to-bottom&#8221;][\/vc_tta_section][\/vc_tta_tour][\/vc_column][\/vc_row]<\/p>\n<\/div>","protected":false},"excerpt":{"rendered":"<p>[vc_row][vc_column][tbay_title_heading title=&#8221;Pasta fresca ai legumi&#8221; descript=&#8221;Biologische Delikatessen&#8221; align=&#8221;center&#8221;][\/vc_column][\/vc_row][vc_row][vc_column width=&#8221;1\/2&#8243;][vc_single_image image=&#8221;4071&#8243; img_size=&#8221;full&#8221; css_animation=&#8221;fadeInLeft&#8221;][\/vc_column][vc_column width=&#8221;1\/2&#8243;][vc_column_text] Das w\u00fcrzige Aroma und die N\u00e4hrwert-Eigenschaften der H\u00fclsenfr\u00fcchte verleihen der Pasta einen originellen Geschmack. [\/vc_column_text][vc_tta_tour][vc_tta_section title=&#8221;Fusilli ai ceci&#8221; tab_id=&#8221;1522688601935-8951f683-a5b2&#8243;][vc_column_text]Eine schmackhafte Pasta mit einer idealen Konsistenz, bindet So\u00dfen und Gew\u00fcrze, eine gesunde und k\u00f6stliche Wahl f\u00fcr eine wohlschmeckende Mahlzeit.[\/vc_column_text][vc_single_image image=&#8221;4141&#8243; img_size=&#8221;full&#8221; css_animation=&#8221;top-to-bottom&#8221;][\/vc_tta_section][vc_tta_section title=&#8221;Volanti &hellip; <a href=\"https:\/\/www.stroppabio.it\/de\/biologische-delikatessen\/pasta-fresca-ai-legumi\/\" class=\"more-link\">Continue reading <span class=\"screen-reader-text\">Pasta fresca ai legumi<\/span><\/a><\/p>\n","protected":false},"author":1,"featured_media":0,"parent":2815,"menu_order":2,"comment_status":"closed","ping_status":"closed","template":"","meta":{"footnotes":""},"class_list":["post-4068","page","type-page","status-publish","hentry"],"aioseo_notices":[],"_links":{"self":[{"href":"https:\/\/www.stroppabio.it\/de\/wp-json\/wp\/v2\/pages\/4068","targetHints":{"allow":["GET"]}}],"collection":[{"href":"https:\/\/www.stroppabio.it\/de\/wp-json\/wp\/v2\/pages"}],"about":[{"href":"https:\/\/www.stroppabio.it\/de\/wp-json\/wp\/v2\/types\/page"}],"author":[{"embeddable":true,"href":"https:\/\/www.stroppabio.it\/de\/wp-json\/wp\/v2\/users\/1"}],"replies":[{"embeddable":true,"href":"https:\/\/www.stroppabio.it\/de\/wp-json\/wp\/v2\/comments?post=4068"}],"version-history":[{"count":8,"href":"https:\/\/www.stroppabio.it\/de\/wp-json\/wp\/v2\/pages\/4068\/revisions"}],"predecessor-version":[{"id":4144,"href":"https:\/\/www.stroppabio.it\/de\/wp-json\/wp\/v2\/pages\/4068\/revisions\/4144"}],"up":[{"embeddable":true,"href":"https:\/\/www.stroppabio.it\/de\/wp-json\/wp\/v2\/pages\/2815"}],"wp:attachment":[{"href":"https:\/\/www.stroppabio.it\/de\/wp-json\/wp\/v2\/media?parent=4068"}],"curies":[{"name":"wp","href":"https:\/\/api.w.org\/{rel}","templated":true}]}}