{"id":2813,"date":"2018-03-26T17:08:21","date_gmt":"2018-03-26T15:08:21","guid":{"rendered":"http:\/\/www.stroppabio.it\/fr\/?page_id=2813"},"modified":"2018-05-04T16:12:43","modified_gmt":"2018-05-04T14:12:43","slug":"delices-biologiques","status":"publish","type":"page","link":"https:\/\/www.stroppabio.it\/fr\/delices-biologiques\/","title":{"rendered":"D\u00e9lices biologiques"},"content":{"rendered":"<div class=\"wpb-content-wrapper\"><p>[vc_row][vc_column width=&#8221;1\/2&#8243;][vc_column_text]<\/p>\n<blockquote><p>Des d\u00e9lices \u00e0 go\u00fbter tous les jours, on peut choisir parmi les diff\u00e9rents formats de p\u00e2tes pour cr\u00e9er des recettes all\u00e9chantes<br \/>\net gourmandes \u00e0 travers une s\u00e9lection soigneuse des mati\u00e8res premi\u00e8res tout en respectant les r\u00e8glementations en vigueur pour d\u00e9finir la gamme de produits <strong>Stroppa Bio<\/strong> comme une <strong>excellence<\/strong><br \/>\n<strong>italienne<\/strong>.<\/p><\/blockquote>\n<p>[\/vc_column_text][\/vc_column][vc_column width=&#8221;1\/2&#8243;][\/vc_column][\/vc_row][vc_row][vc_column width=&#8221;1\/4&#8243;][vc_single_image image=&#8221;2711&#8243; img_size=&#8221;full&#8221;][\/vc_column][vc_column width=&#8221;1\/4&#8243;][vc_single_image image=&#8221;2712&#8243; img_size=&#8221;full&#8221;][\/vc_column][vc_column width=&#8221;1\/4&#8243;][vc_single_image image=&#8221;2713&#8243; img_size=&#8221;full&#8221;][\/vc_column][vc_column width=&#8221;1\/4&#8243;][vc_single_image image=&#8221;2714&#8243; img_size=&#8221;full&#8221;][\/vc_column][\/vc_row][vc_row][vc_column width=&#8221;1\/4&#8243;][vc_single_image image=&#8221;2715&#8243; img_size=&#8221;full&#8221; css=&#8221;.vc_custom_1523208272545{margin-top: 20px !important;}&#8221;][\/vc_column][vc_column width=&#8221;1\/4&#8243;][vc_single_image image=&#8221;2716&#8243; img_size=&#8221;full&#8221; css=&#8221;.vc_custom_1523208303844{margin-top: 20px !important;}&#8221;][\/vc_column][vc_column width=&#8221;1\/4&#8243;][vc_single_image image=&#8221;2710&#8243; img_size=&#8221;full&#8221; css=&#8221;.vc_custom_1523208328755{margin-top: 20px !important;}&#8221;][\/vc_column][vc_column width=&#8221;1\/4&#8243;][vc_single_image image=&#8221;2717&#8243; img_size=&#8221;full&#8221; css=&#8221;.vc_custom_1523208356173{margin-top: 20px !important;}&#8221;][\/vc_column][\/vc_row]<\/p>\n<\/div>","protected":false},"excerpt":{"rendered":"<p>[vc_row][vc_column width=&#8221;1\/2&#8243;][vc_column_text] Des d\u00e9lices \u00e0 go\u00fbter tous les jours, on peut choisir parmi les diff\u00e9rents formats de p\u00e2tes pour cr\u00e9er des recettes all\u00e9chantes et gourmandes \u00e0 travers une s\u00e9lection soigneuse des mati\u00e8res premi\u00e8res tout en respectant les r\u00e8glementations en vigueur pour d\u00e9finir la gamme de produits Stroppa Bio comme une excellence italienne. [\/vc_column_text][\/vc_column][vc_column width=&#8221;1\/2&#8243;][\/vc_column][\/vc_row][vc_row][vc_column width=&#8221;1\/4&#8243;][vc_single_image &hellip; <a href=\"https:\/\/www.stroppabio.it\/fr\/delices-biologiques\/\" class=\"more-link\">Continue reading <span class=\"screen-reader-text\">D\u00e9lices biologiques<\/span><\/a><\/p>\n","protected":false},"author":1,"featured_media":0,"parent":0,"menu_order":3,"comment_status":"closed","ping_status":"closed","template":"","meta":{"footnotes":""},"class_list":["post-2813","page","type-page","status-publish","hentry"],"aioseo_notices":[],"_links":{"self":[{"href":"https:\/\/www.stroppabio.it\/fr\/wp-json\/wp\/v2\/pages\/2813","targetHints":{"allow":["GET"]}}],"collection":[{"href":"https:\/\/www.stroppabio.it\/fr\/wp-json\/wp\/v2\/pages"}],"about":[{"href":"https:\/\/www.stroppabio.it\/fr\/wp-json\/wp\/v2\/types\/page"}],"author":[{"embeddable":true,"href":"https:\/\/www.stroppabio.it\/fr\/wp-json\/wp\/v2\/users\/1"}],"replies":[{"embeddable":true,"href":"https:\/\/www.stroppabio.it\/fr\/wp-json\/wp\/v2\/comments?post=2813"}],"version-history":[{"count":0,"href":"https:\/\/www.stroppabio.it\/fr\/wp-json\/wp\/v2\/pages\/2813\/revisions"}],"wp:attachment":[{"href":"https:\/\/www.stroppabio.it\/fr\/wp-json\/wp\/v2\/media?parent=2813"}],"curies":[{"name":"wp","href":"https:\/\/api.w.org\/{rel}","templated":true}]}}