{"id":2819,"date":"2018-04-06T16:56:53","date_gmt":"2018-04-06T14:56:53","guid":{"rendered":"http:\/\/www.stroppabio.it\/fr\/?page_id=2819"},"modified":"2022-10-27T11:16:43","modified_gmt":"2022-10-27T09:16:43","slug":"gluten-free","status":"publish","type":"page","link":"https:\/\/www.stroppabio.it\/fr\/delices-biologiques\/gluten-free\/","title":{"rendered":"Gluten free"},"content":{"rendered":"<div class=\"wpb-content-wrapper\"><p>[vc_row][vc_column][tbay_title_heading title=&#8221;Gluten free&#8221; descript=&#8221;D\u00e9lices Biologiques&#8221; align=&#8221;center&#8221;][\/vc_column][\/vc_row][vc_row][vc_column width=&#8221;1\/2&#8243;][vc_single_image image=&#8221;2633&#8243; img_size=&#8221;full&#8221; css_animation=&#8221;fadeInLeft&#8221;][\/vc_column][vc_column width=&#8221;1\/2&#8243;][vc_column_text]<\/p>\n<blockquote><p>D\u2019excellents produits sans gluten pour ceux qui ne veulent pas renoncer au go\u00fbt.<\/p><\/blockquote>\n<p>[\/vc_column_text][vc_tta_tour][vc_tta_section title=&#8221;Gnocchi di patate&#8221; tab_id=&#8221;1522688601935-8951f683-a5b2&#8243;][vc_column_text]Pour tous ceux qui ne tol\u00e8rent pas le gluten, un plat traditionnel de la cuisine italienne pr\u00e9par\u00e9 avec peu d\u2019ingr\u00e9dients et simples.[\/vc_column_text][vc_single_image image=&#8221;3414&#8243; img_size=&#8221;full&#8221; css_animation=&#8221;top-to-bottom&#8221;][\/vc_tta_section][vc_tta_section title=&#8221;Gnocchetti alla zucca&#8221; tab_id=&#8221;1522688601936-8a512abb-2013&#8243;][vc_column_text]Souples et app\u00e9tissants, au go\u00fbt d\u00e9licat et l\u00e9g\u00e8rement \u00e9pic\u00e9, ces petits gnocchis sont pr\u00e9par\u00e9s avec la pulpe des meilleures courges.[\/vc_column_text][vc_single_image image=&#8221;3405&#8243; img_size=&#8221;full&#8221; css_animation=&#8221;top-to-bottom&#8221;][\/vc_tta_section][vc_tta_section title=&#8221;Gnocchi ai legumi&#8221; tab_id=&#8221;1530168007714-c8489570-c7d1&#8243;][vc_column_text]Riches en prot\u00e9ines, faciles \u00e0 dig\u00e9rer vu qu\u2019elles sont sans gluten, ces p\u00e2tes donnent un sens de sati\u00e9t\u00e9 plus durable que les p\u00e2tes traditionnelles.[\/vc_column_text][vc_single_image image=&#8221;4122&#8243; img_size=&#8221;full&#8221;][\/vc_tta_section][vc_tta_section title=&#8221;Gnocchi ai formaggi&#8221; tab_id=&#8221;1523025929024-ad18e502-1304&#8243;][vc_column_text]Un coffret souple et \u00e0 l\u2019odeur unique, qui ne renferme que des fromages frais s\u00e9lectionn\u00e9s et qui cr\u00e9ent un ensemble parfait.[\/vc_column_text][vc_single_image image=&#8221;3409&#8243; img_size=&#8221;full&#8221;][\/vc_tta_section][\/vc_tta_tour][\/vc_column][\/vc_row]<\/p>\n<\/div>","protected":false},"excerpt":{"rendered":"<p>[vc_row][vc_column][tbay_title_heading title=&#8221;Gluten free&#8221; descript=&#8221;D\u00e9lices Biologiques&#8221; align=&#8221;center&#8221;][\/vc_column][\/vc_row][vc_row][vc_column width=&#8221;1\/2&#8243;][vc_single_image image=&#8221;2633&#8243; img_size=&#8221;full&#8221; css_animation=&#8221;fadeInLeft&#8221;][\/vc_column][vc_column width=&#8221;1\/2&#8243;][vc_column_text] D\u2019excellents produits sans gluten pour ceux qui ne veulent pas renoncer au go\u00fbt. [\/vc_column_text][vc_tta_tour][vc_tta_section title=&#8221;Gnocchi di patate&#8221; tab_id=&#8221;1522688601935-8951f683-a5b2&#8243;][vc_column_text]Pour tous ceux qui ne tol\u00e8rent pas le gluten, un plat traditionnel de la cuisine italienne pr\u00e9par\u00e9 avec peu d\u2019ingr\u00e9dients et simples.[\/vc_column_text][vc_single_image image=&#8221;3414&#8243; img_size=&#8221;full&#8221; css_animation=&#8221;top-to-bottom&#8221;][\/vc_tta_section][vc_tta_section title=&#8221;Gnocchetti alla &hellip; <a href=\"https:\/\/www.stroppabio.it\/fr\/delices-biologiques\/gluten-free\/\" class=\"more-link\">Continue reading <span class=\"screen-reader-text\">Gluten free<\/span><\/a><\/p>\n","protected":false},"author":1,"featured_media":0,"parent":2813,"menu_order":6,"comment_status":"closed","ping_status":"closed","template":"","meta":{"footnotes":""},"class_list":["post-2819","page","type-page","status-publish","hentry"],"aioseo_notices":[],"_links":{"self":[{"href":"https:\/\/www.stroppabio.it\/fr\/wp-json\/wp\/v2\/pages\/2819","targetHints":{"allow":["GET"]}}],"collection":[{"href":"https:\/\/www.stroppabio.it\/fr\/wp-json\/wp\/v2\/pages"}],"about":[{"href":"https:\/\/www.stroppabio.it\/fr\/wp-json\/wp\/v2\/types\/page"}],"author":[{"embeddable":true,"href":"https:\/\/www.stroppabio.it\/fr\/wp-json\/wp\/v2\/users\/1"}],"replies":[{"embeddable":true,"href":"https:\/\/www.stroppabio.it\/fr\/wp-json\/wp\/v2\/comments?post=2819"}],"version-history":[{"count":9,"href":"https:\/\/www.stroppabio.it\/fr\/wp-json\/wp\/v2\/pages\/2819\/revisions"}],"predecessor-version":[{"id":4313,"href":"https:\/\/www.stroppabio.it\/fr\/wp-json\/wp\/v2\/pages\/2819\/revisions\/4313"}],"up":[{"embeddable":true,"href":"https:\/\/www.stroppabio.it\/fr\/wp-json\/wp\/v2\/pages\/2813"}],"wp:attachment":[{"href":"https:\/\/www.stroppabio.it\/fr\/wp-json\/wp\/v2\/media?parent=2819"}],"curies":[{"name":"wp","href":"https:\/\/api.w.org\/{rel}","templated":true}]}}