{"id":2831,"date":"2018-04-06T15:28:45","date_gmt":"2018-04-06T13:28:45","guid":{"rendered":"http:\/\/www.stroppabio.it\/fr\/?page_id=2831"},"modified":"2024-02-02T10:05:10","modified_gmt":"2024-02-02T09:05:10","slug":"gnocchi-ripieni","status":"publish","type":"page","link":"https:\/\/www.stroppabio.it\/fr\/delices-biologiques\/gnocchi-ripieni\/","title":{"rendered":"Gnocchi ripieni"},"content":{"rendered":"<div class=\"wpb-content-wrapper\"><p>[vc_row][vc_column][tbay_title_heading title=&#8221;Gnocchi ripieni&#8221; descript=&#8221;Bio Bont\u00e0&#8221; align=&#8221;center&#8221;][\/vc_column][\/vc_row][vc_row][vc_column width=&#8221;1\/2&#8243;][vc_single_image image=&#8221;2634&#8243; img_size=&#8221;full&#8221; css_animation=&#8221;fadeInLeft&#8221;][\/vc_column][vc_column width=&#8221;1\/2&#8243;][vc_column_text]<\/p>\n<blockquote>\n<p class=\"p1\">Savoureux, nourrissants, app\u00e9tissants: une rencontre de saveurs intenses.<\/p>\n<\/blockquote>\n<p>[\/vc_column_text][vc_tta_tour][vc_tta_section title=&#8221;Gnocchi Gorgonzola DOP e noci&#8221; tab_id=&#8221;1522688601935-8951f683-a5b2&#8243;][vc_column_text]Une farche riche de savoureuse qui joint le go\u00fbt doux et cr\u00e9meux du Gorgonzola AOP au go\u00fbt amer aromatique des noix.[\/vc_column_text][vc_single_image image=&#8221;3416&#8243; img_size=&#8221;full&#8221; css_animation=&#8221;top-to-bottom&#8221;][\/vc_tta_section][vc_tta_section title=&#8221;Gnocchi al pesto&#8221; tab_id=&#8221;1522688601936-8a512abb-2013&#8243;][vc_column_text]Un c\u0153ur irr\u00e9sistible avec peu d\u2019ingr\u00e9dients mais sains: du basilic frais, des pignons et du fromage.[\/vc_column_text][vc_single_image image=&#8221;3412&#8243; img_size=&#8221;full&#8221; css_animation=&#8221;top-to-bottom&#8221;][\/vc_tta_section][vc_tta_section title=&#8221;Polentine al Gorgonzola DOP&#8221; tab_id=&#8221;1666945474011-2dc0840d-2238&#8243;][vc_column_text]Un go\u00fbt unique et sp\u00e9cial, pour un farce qui renferme un c\u0153ur app\u00e9tissant et all\u00e9chant, une rencontre parfaite de saveurs. Pour vos ap\u00e9ritifs.[\/vc_column_text][vc_single_image image=&#8221;4346&#8243; img_size=&#8221;full&#8221;][\/vc_tta_section][\/vc_tta_tour][\/vc_column][\/vc_row]<\/p>\n<\/div>","protected":false},"excerpt":{"rendered":"<p>[vc_row][vc_column][tbay_title_heading title=&#8221;Gnocchi ripieni&#8221; descript=&#8221;Bio Bont\u00e0&#8221; align=&#8221;center&#8221;][\/vc_column][\/vc_row][vc_row][vc_column width=&#8221;1\/2&#8243;][vc_single_image image=&#8221;2634&#8243; img_size=&#8221;full&#8221; css_animation=&#8221;fadeInLeft&#8221;][\/vc_column][vc_column width=&#8221;1\/2&#8243;][vc_column_text] Savoureux, nourrissants, app\u00e9tissants: une rencontre de saveurs intenses. [\/vc_column_text][vc_tta_tour][vc_tta_section title=&#8221;Gnocchi Gorgonzola DOP e noci&#8221; tab_id=&#8221;1522688601935-8951f683-a5b2&#8243;][vc_column_text]Une farche riche de savoureuse qui joint le go\u00fbt doux et cr\u00e9meux du Gorgonzola AOP au go\u00fbt amer aromatique des noix.[\/vc_column_text][vc_single_image image=&#8221;3416&#8243; img_size=&#8221;full&#8221; css_animation=&#8221;top-to-bottom&#8221;][\/vc_tta_section][vc_tta_section title=&#8221;Gnocchi al pesto&#8221; tab_id=&#8221;1522688601936-8a512abb-2013&#8243;][vc_column_text]Un c\u0153ur irr\u00e9sistible &hellip; <a href=\"https:\/\/www.stroppabio.it\/fr\/delices-biologiques\/gnocchi-ripieni\/\" class=\"more-link\">Continue reading <span class=\"screen-reader-text\">Gnocchi ripieni<\/span><\/a><\/p>\n","protected":false},"author":1,"featured_media":0,"parent":2813,"menu_order":1,"comment_status":"closed","ping_status":"closed","template":"","meta":{"footnotes":""},"class_list":["post-2831","page","type-page","status-publish","hentry"],"aioseo_notices":[],"_links":{"self":[{"href":"https:\/\/www.stroppabio.it\/fr\/wp-json\/wp\/v2\/pages\/2831","targetHints":{"allow":["GET"]}}],"collection":[{"href":"https:\/\/www.stroppabio.it\/fr\/wp-json\/wp\/v2\/pages"}],"about":[{"href":"https:\/\/www.stroppabio.it\/fr\/wp-json\/wp\/v2\/types\/page"}],"author":[{"embeddable":true,"href":"https:\/\/www.stroppabio.it\/fr\/wp-json\/wp\/v2\/users\/1"}],"replies":[{"embeddable":true,"href":"https:\/\/www.stroppabio.it\/fr\/wp-json\/wp\/v2\/comments?post=2831"}],"version-history":[{"count":11,"href":"https:\/\/www.stroppabio.it\/fr\/wp-json\/wp\/v2\/pages\/2831\/revisions"}],"predecessor-version":[{"id":4405,"href":"https:\/\/www.stroppabio.it\/fr\/wp-json\/wp\/v2\/pages\/2831\/revisions\/4405"}],"up":[{"embeddable":true,"href":"https:\/\/www.stroppabio.it\/fr\/wp-json\/wp\/v2\/pages\/2813"}],"wp:attachment":[{"href":"https:\/\/www.stroppabio.it\/fr\/wp-json\/wp\/v2\/media?parent=2831"}],"curies":[{"name":"wp","href":"https:\/\/api.w.org\/{rel}","templated":true}]}}