{"id":2855,"date":"2018-04-06T16:48:04","date_gmt":"2018-04-06T14:48:04","guid":{"rendered":"http:\/\/www.stroppabio.it\/fr\/?page_id=2855"},"modified":"2020-02-05T15:44:06","modified_gmt":"2020-02-05T14:44:06","slug":"pasta-ripiena-doppia-sfoglia","status":"publish","type":"page","link":"https:\/\/www.stroppabio.it\/fr\/delices-biologiques\/pasta-ripiena-doppia-sfoglia\/","title":{"rendered":"Pasta ripiena doppia sfoglia"},"content":{"rendered":"<div class=\"wpb-content-wrapper\"><p>[vc_row][vc_column][tbay_title_heading title=&#8221;Pasta ripiena doppia sfoglia&#8221; descript=&#8221;D\u00e9lices Biologiques&#8221; align=&#8221;center&#8221;][\/vc_column][\/vc_row][vc_row][vc_column width=&#8221;1\/2&#8243;][vc_single_image image=&#8221;2638&#8243; img_size=&#8221;full&#8221; css_animation=&#8221;fadeInLeft&#8221;][\/vc_column][vc_column width=&#8221;1\/2&#8243;][vc_column_text]<\/p>\n<blockquote><p>Un double plaisir pour les palais avec une harmonie parfaite de saveurs.<\/p><\/blockquote>\n<p>[\/vc_column_text][vc_tta_tour][vc_tta_section title=&#8221;Ravioli ricotta e spinaci semi-integrali&#8221; tab_id=&#8221;1522688601935-8951f683-a5b2&#8243;][vc_column_text]Un coffret demi-complet de saveurs souples et d\u00e9licats pr\u00e9par\u00e9 avec de la ricotta fra\u00eeche et des \u00e9pinards s\u00e9lectionn\u00e9s soigneusement.[\/vc_column_text][vc_single_image image=&#8221;3425&#8243; img_size=&#8221;full&#8221; css_animation=&#8221;top-to-bottom&#8221;][\/vc_tta_section][vc_tta_section title=&#8221;Mezzelune ai funghi porcini&#8221; tab_id=&#8221;1522688601936-8a512abb-2013&#8243;][vc_column_text]Un chef-d\u2019oeuvre du go\u00fbt avec une saveur intense et enveloppante et \u00e0 l\u2019ar\u00f4me unique des c\u00e8pes.[\/vc_column_text][vc_single_image image=&#8221;3418&#8243; img_size=&#8221;full&#8221; css_animation=&#8221;top-to-bottom&#8221;][\/vc_tta_section][vc_tta_section title=&#8221;Girasoli Gorgonzola DOP, pere e miele&#8221; tab_id=&#8221;1523024902149-bcc9b256-d24d&#8221;][vc_column_text]Un coeur qui renferme une v\u00e9ritable d\u00e9licatesse pour les palais, une exp\u00e9rience de go\u00fbt extraordinaire.[\/vc_column_text][vc_single_image image=&#8221;3431&#8243; img_size=&#8221;full&#8221;][\/vc_tta_section][vc_tta_section title=&#8221;Quadratoni ai formaggi&#8221; tab_id=&#8221;1523025929024-ad18e502-1304&#8243;][vc_column_text]Ce type de p\u00e2tes est particuli\u00e8rement savoureux et odorant, une entr\u00e9e app\u00e9tissante et all\u00e9chante pr\u00e9par\u00e9e avec des fromages AOP.[\/vc_column_text][vc_single_image image=&#8221;3421&#8243; img_size=&#8221;full&#8221;][\/vc_tta_section][\/vc_tta_tour][\/vc_column][\/vc_row]<\/p>\n<\/div>","protected":false},"excerpt":{"rendered":"<p>[vc_row][vc_column][tbay_title_heading title=&#8221;Pasta ripiena doppia sfoglia&#8221; descript=&#8221;D\u00e9lices Biologiques&#8221; align=&#8221;center&#8221;][\/vc_column][\/vc_row][vc_row][vc_column width=&#8221;1\/2&#8243;][vc_single_image image=&#8221;2638&#8243; img_size=&#8221;full&#8221; css_animation=&#8221;fadeInLeft&#8221;][\/vc_column][vc_column width=&#8221;1\/2&#8243;][vc_column_text] Un double plaisir pour les palais avec une harmonie parfaite de saveurs. [\/vc_column_text][vc_tta_tour][vc_tta_section title=&#8221;Ravioli ricotta e spinaci semi-integrali&#8221; tab_id=&#8221;1522688601935-8951f683-a5b2&#8243;][vc_column_text]Un coffret demi-complet de saveurs souples et d\u00e9licats pr\u00e9par\u00e9 avec de la ricotta fra\u00eeche et des \u00e9pinards s\u00e9lectionn\u00e9s soigneusement.[\/vc_column_text][vc_single_image image=&#8221;3425&#8243; img_size=&#8221;full&#8221; css_animation=&#8221;top-to-bottom&#8221;][\/vc_tta_section][vc_tta_section title=&#8221;Mezzelune ai &hellip; <a href=\"https:\/\/www.stroppabio.it\/fr\/delices-biologiques\/pasta-ripiena-doppia-sfoglia\/\" class=\"more-link\">Continue reading <span class=\"screen-reader-text\">Pasta ripiena doppia sfoglia<\/span><\/a><\/p>\n","protected":false},"author":1,"featured_media":0,"parent":2813,"menu_order":5,"comment_status":"closed","ping_status":"closed","template":"","meta":{"footnotes":""},"class_list":["post-2855","page","type-page","status-publish","hentry"],"aioseo_notices":[],"_links":{"self":[{"href":"https:\/\/www.stroppabio.it\/fr\/wp-json\/wp\/v2\/pages\/2855","targetHints":{"allow":["GET"]}}],"collection":[{"href":"https:\/\/www.stroppabio.it\/fr\/wp-json\/wp\/v2\/pages"}],"about":[{"href":"https:\/\/www.stroppabio.it\/fr\/wp-json\/wp\/v2\/types\/page"}],"author":[{"embeddable":true,"href":"https:\/\/www.stroppabio.it\/fr\/wp-json\/wp\/v2\/users\/1"}],"replies":[{"embeddable":true,"href":"https:\/\/www.stroppabio.it\/fr\/wp-json\/wp\/v2\/comments?post=2855"}],"version-history":[{"count":5,"href":"https:\/\/www.stroppabio.it\/fr\/wp-json\/wp\/v2\/pages\/2855\/revisions"}],"predecessor-version":[{"id":4117,"href":"https:\/\/www.stroppabio.it\/fr\/wp-json\/wp\/v2\/pages\/2855\/revisions\/4117"}],"up":[{"embeddable":true,"href":"https:\/\/www.stroppabio.it\/fr\/wp-json\/wp\/v2\/pages\/2813"}],"wp:attachment":[{"href":"https:\/\/www.stroppabio.it\/fr\/wp-json\/wp\/v2\/media?parent=2855"}],"curies":[{"name":"wp","href":"https:\/\/api.w.org\/{rel}","templated":true}]}}