{"id":2861,"date":"2018-04-06T17:03:03","date_gmt":"2018-04-06T15:03:03","guid":{"rendered":"http:\/\/www.stroppabio.it\/fr\/?page_id=2861"},"modified":"2020-02-05T15:24:53","modified_gmt":"2020-02-05T14:24:53","slug":"pasta-ripiena-vegana","status":"publish","type":"page","link":"https:\/\/www.stroppabio.it\/fr\/delices-biologiques\/pasta-ripiena-vegana\/","title":{"rendered":"Pasta ripiena vegana"},"content":{"rendered":"<div class=\"wpb-content-wrapper\"><p>[vc_row][vc_column][tbay_title_heading title=&#8221;Pasta ripiena vegana&#8221; descript=&#8221;D\u00e9lices Biologiques&#8221; align=&#8221;center&#8221;][\/vc_column][\/vc_row][vc_row][vc_column width=&#8221;1\/2&#8243;][vc_single_image image=&#8221;4052&#8243; img_size=&#8221;full&#8221; css_animation=&#8221;fadeInLeft&#8221;][\/vc_column][vc_column width=&#8221;1\/2&#8243;][vc_column_text]<\/p>\n<blockquote><p>Une s\u00e9lection d\u2019ingr\u00e9dients sains et biologiques totalement naturels.<\/p><\/blockquote>\n<p>[\/vc_column_text][vc_tta_tour][vc_tta_section title=&#8221;Quadratoni semi-integrali con barbabietole e noci&#8221; tab_id=&#8221;1522688601935-8951f683-a5b2&#8243;][vc_column_text]Une farce compos\u00e9e d\u2019ingr\u00e9dients riches en vitamines et propri\u00e9t\u00e9s nutritives, pour une saveur d\u00e9licate et l\u00e9g\u00e8re.[\/vc_column_text][vc_single_image image=&#8221;4049&#8243; img_size=&#8221;full&#8221; css_animation=&#8221;top-to-bottom&#8221;][\/vc_tta_section][vc_tta_section title=&#8221;Quadratoni semi-integrali con spinaci e cavolo nero&#8221; tab_id=&#8221;1522688601936-8a512abb-2013&#8243;][vc_column_text]Un p\u00e9trissage nutritif et naturel qui \u00e9voque les saveurs rustiques et de la tradition paysanne et qui est cr\u00e9\u00e9 avec des ingr\u00e9dients de haute qualit\u00e9.[\/vc_column_text][vc_single_image image=&#8221;4050&#8243; img_size=&#8221;full&#8221; css_animation=&#8221;top-to-bottom&#8221;][\/vc_tta_section][vc_tta_section title=&#8221;Quadratoni semi-integrali con patate dolci, ceci e rosmarino&#8221; tab_id=&#8221;1580885488333-1dbe4fb7-b356&#8243;][vc_column_text]Des p\u00e2tes au go\u00fbt velout\u00e9 qui m\u00e9langent la saveur des patates douces et la d\u00e9licatesse des pois chiches au ton vif du romarin.[\/vc_column_text][vc_single_image image=&#8221;4048&#8243; img_size=&#8221;full&#8221; css_animation=&#8221;top-to-bottom&#8221;][\/vc_tta_section][\/vc_tta_tour][\/vc_column][\/vc_row]<\/p>\n<\/div>","protected":false},"excerpt":{"rendered":"<p>[vc_row][vc_column][tbay_title_heading title=&#8221;Pasta ripiena vegana&#8221; descript=&#8221;D\u00e9lices Biologiques&#8221; align=&#8221;center&#8221;][\/vc_column][\/vc_row][vc_row][vc_column width=&#8221;1\/2&#8243;][vc_single_image image=&#8221;4052&#8243; img_size=&#8221;full&#8221; css_animation=&#8221;fadeInLeft&#8221;][\/vc_column][vc_column width=&#8221;1\/2&#8243;][vc_column_text] Une s\u00e9lection d\u2019ingr\u00e9dients sains et biologiques totalement naturels. [\/vc_column_text][vc_tta_tour][vc_tta_section title=&#8221;Quadratoni semi-integrali con barbabietole e noci&#8221; tab_id=&#8221;1522688601935-8951f683-a5b2&#8243;][vc_column_text]Une farce compos\u00e9e d\u2019ingr\u00e9dients riches en vitamines et propri\u00e9t\u00e9s nutritives, pour une saveur d\u00e9licate et l\u00e9g\u00e8re.[\/vc_column_text][vc_single_image image=&#8221;4049&#8243; img_size=&#8221;full&#8221; css_animation=&#8221;top-to-bottom&#8221;][\/vc_tta_section][vc_tta_section title=&#8221;Quadratoni semi-integrali con spinaci e cavolo nero&#8221; tab_id=&#8221;1522688601936-8a512abb-2013&#8243;][vc_column_text]Un p\u00e9trissage &hellip; <a href=\"https:\/\/www.stroppabio.it\/fr\/delices-biologiques\/pasta-ripiena-vegana\/\" class=\"more-link\">Continue reading <span class=\"screen-reader-text\">Pasta ripiena vegana<\/span><\/a><\/p>\n","protected":false},"author":1,"featured_media":0,"parent":2813,"menu_order":7,"comment_status":"closed","ping_status":"closed","template":"","meta":{"footnotes":""},"class_list":["post-2861","page","type-page","status-publish","hentry"],"aioseo_notices":[],"_links":{"self":[{"href":"https:\/\/www.stroppabio.it\/fr\/wp-json\/wp\/v2\/pages\/2861","targetHints":{"allow":["GET"]}}],"collection":[{"href":"https:\/\/www.stroppabio.it\/fr\/wp-json\/wp\/v2\/pages"}],"about":[{"href":"https:\/\/www.stroppabio.it\/fr\/wp-json\/wp\/v2\/types\/page"}],"author":[{"embeddable":true,"href":"https:\/\/www.stroppabio.it\/fr\/wp-json\/wp\/v2\/users\/1"}],"replies":[{"embeddable":true,"href":"https:\/\/www.stroppabio.it\/fr\/wp-json\/wp\/v2\/comments?post=2861"}],"version-history":[{"count":6,"href":"https:\/\/www.stroppabio.it\/fr\/wp-json\/wp\/v2\/pages\/2861\/revisions"}],"predecessor-version":[{"id":4108,"href":"https:\/\/www.stroppabio.it\/fr\/wp-json\/wp\/v2\/pages\/2861\/revisions\/4108"}],"up":[{"embeddable":true,"href":"https:\/\/www.stroppabio.it\/fr\/wp-json\/wp\/v2\/pages\/2813"}],"wp:attachment":[{"href":"https:\/\/www.stroppabio.it\/fr\/wp-json\/wp\/v2\/media?parent=2861"}],"curies":[{"name":"wp","href":"https:\/\/api.w.org\/{rel}","templated":true}]}}