{"id":2868,"date":"2018-03-26T17:07:18","date_gmt":"2018-03-26T15:07:18","guid":{"rendered":"http:\/\/www.stroppabio.it\/fr\/?page_id=2868"},"modified":"2024-01-08T17:41:18","modified_gmt":"2024-01-08T16:41:18","slug":"certifications","status":"publish","type":"page","link":"https:\/\/www.stroppabio.it\/fr\/certifications\/","title":{"rendered":"Certifications"},"content":{"rendered":"<div class=\"wpb-content-wrapper\"><p>[vc_row][vc_column width=&#8221;1\/2&#8243;][vc_column_text]<\/p>\n<blockquote><p>La gamme de produits Stroppa Bio a \u00e9t\u00e9 con\u00e7ue tout<strong> en respectant les r\u00e8gles de r\u00e9f\u00e9rence et de qualit\u00e9<\/strong>. La forme, la consistance et le go\u00fbt sont assur\u00e9s par une s<strong>\u00e9v\u00e8re s\u00e9lection des ingr\u00e9dients<\/strong> qui sont manipul\u00e9s dans des <strong>espaces s\u00fbrs<\/strong> et selon les crit\u00e8res les plus s\u00e9v\u00e8res de traitement et de s\u00e9curit\u00e9 de loi.<\/p><\/blockquote>\n<p>[\/vc_column_text][\/vc_column][vc_column width=&#8221;1\/2&#8243;][\/vc_column][\/vc_row][vc_row][vc_column width=&#8221;1\/4&#8243;][vc_single_image image=&#8221;2718&#8243; img_size=&#8221;full&#8221; onclick=&#8221;custom_link&#8221; img_link_target=&#8221;_blank&#8221; link=&#8221;https:\/\/www.stroppabio.it\/wp-content\/uploads\/2024\/01\/Pastificio-Stroppa-Certificato-BIO-009-Organic-2024.pdf&#8221;][vc_separator color=&#8221;green&#8221;][vc_column_text]<strong>Ccpb<\/strong><\/p>\n<p>Des produits certifi\u00e9s et reconnus comme biologiques par le <strong>Minist\u00e8re italien des Politiques agricoles, alimentaires et foresti\u00e8res<\/strong>.<\/p>\n<p><a href=\"https:\/\/www.stroppabio.it\/wp-content\/uploads\/2024\/01\/Pastificio-Stroppa-Certificato-BIO-009-Organic-2024.pdf\"><strong>T\u00e9l\u00e9charger le certificat &gt;&gt;<\/strong><\/a>[\/vc_column_text][\/vc_column][vc_column width=&#8221;1\/4&#8243;][vc_single_image image=&#8221;2720&#8243; img_size=&#8221;full&#8221; onclick=&#8221;custom_link&#8221; img_link_target=&#8221;_blank&#8221; link=&#8221;https:\/\/www.stroppabio.it\/wp-content\/uploads\/2024\/01\/Pastificio-Stroppa-Certificato-IFS-2024.pdf&#8221;][vc_separator color=&#8221;green&#8221;][vc_column_text]<strong>Ifs<\/strong><\/p>\n<p>Un standard qui assure une s\u00e9lection efficace des <strong>fournisseurs alimentation<\/strong> de la grande distribution. Ce mod\u00e8le est reconnu en <strong>Europe<\/strong> aussi bien que <strong>dans le reste du monde<\/strong>.<\/p>\n<p><a href=\"https:\/\/www.stroppabio.it\/wp-content\/uploads\/2024\/01\/Pastificio-Stroppa-Certificato-IFS-2024.pdf\"><strong>T\u00e9l\u00e9charger le certificat &gt;&gt;<\/strong><\/a>[\/vc_column_text][\/vc_column][vc_column width=&#8221;1\/4&#8243;][vc_single_image image=&#8221;2721&#8243; img_size=&#8221;full&#8221; onclick=&#8221;custom_link&#8221; img_link_target=&#8221;_blank&#8221; link=&#8221;http:\/\/www.celiachia.it\/home\/HomePage.aspx&#8221;][vc_separator color=&#8221;green&#8221;][vc_column_text]<strong>Emploi de l\u2019image avec le symbole \u00e9pi de bl\u00e9 barr\u00e9 d&#8217;une croix accord\u00e9 par l\u2019Associazione Italiana Celiachia (l\u2019Association Italienne Maladie C\u0153liaque).<\/strong><\/p>\n<p>Des produits indiqu\u00e9s pour les personnes atteintes de la maladie coeliaque, avec un <strong>niveau de gluten inf\u00e9rieur aux 20 ppm<\/strong>.<\/p>\n<p><a href=\"http:\/\/www.celiachia.it\/home\/HomePage.aspx\"><strong>En cliquant ici<\/strong><\/a> ou sur l&#8217;image du logo, vous pouvez voir tous les produits sous licence de la marque Spiga Barrata directement sur le site Web de l&#8217;AIC.<\/p>\n<p><a href=\"https:\/\/www.stroppabio.it\/wp-content\/uploads\/2022\/04\/AIC-2021-scad-11.2024-1.pdf\"><strong>T\u00e9l\u00e9charger le certificat de la marque Spiga Barrata &gt;&gt;<\/strong><\/a>[\/vc_column_text][\/vc_column][vc_column width=&#8221;1\/4&#8243;][vc_single_image image=&#8221;2722&#8243; img_size=&#8221;full&#8221;][vc_separator color=&#8221;green&#8221;][vc_column_text]<strong>Autorisation minist\u00e9rielle pour les produits sans gluten<\/strong><\/p>\n<p>Des <strong>produits indiqu\u00e9s pour les personnes atteintes de la maladie coeliaque<\/strong>, disponibles par le Syst\u00e8me National de Sant\u00e9 italien.[\/vc_column_text][\/vc_column][\/vc_row][vc_row][vc_column width=&#8221;1\/4&#8243;][vc_single_image image=&#8221;2723&#8243; img_size=&#8221;full&#8221; onclick=&#8221;custom_link&#8221; img_link_target=&#8221;_blank&#8221; link=&#8221;https:\/\/www.stroppabio.it\/wp-content\/uploads\/2024\/01\/Pastificio-Stroppa-Certificato-Vegan-2024.pdf&#8221;][vc_separator color=&#8221;green&#8221;][vc_column_text]<strong>Vegan<\/strong><\/p>\n<p>Des produits <strong>sans d\u2019ingr\u00e9dients et de d\u00e9riv\u00e9s <\/strong>d\u2019origine<strong> animale<\/strong>.<\/p>\n<p><a href=\"https:\/\/www.stroppabio.it\/wp-content\/uploads\/2024\/01\/Pastificio-Stroppa-Certificato-Vegan-2024.pdf\"><strong>T\u00e9l\u00e9charger le certificat &gt;&gt;<\/strong><\/a>[\/vc_column_text][\/vc_column][vc_column width=&#8221;1\/4&#8243;][vc_single_image image=&#8221;4356&#8243; img_size=&#8221;full&#8221; onclick=&#8221;custom_link&#8221; img_link_target=&#8221;_blank&#8221; link=&#8221;https:\/\/www.stroppabio.it\/wp-content\/uploads\/2023\/05\/Modello-Organizzativo-231-Stroppa-1.pdf&#8221;][vc_separator color=&#8221;green&#8221;][vc_column_text]<strong>Mod. 231<\/strong><\/p>\n<p><a href=\"https:\/\/www.stroppabio.it\/wp-content\/uploads\/2023\/05\/Modello-Organizzativo-231-Stroppa-1.pdf\"><strong>T\u00e9l\u00e9charger le Mod. 231 &gt;&gt;<\/strong><\/a>[\/vc_column_text][\/vc_column][vc_column width=&#8221;1\/4&#8243;][\/vc_column][vc_column width=&#8221;1\/4&#8243;][\/vc_column][\/vc_row]<\/p>\n<\/div>","protected":false},"excerpt":{"rendered":"<p>[vc_row][vc_column width=&#8221;1\/2&#8243;][vc_column_text] La gamme de produits Stroppa Bio a \u00e9t\u00e9 con\u00e7ue tout en respectant les r\u00e8gles de r\u00e9f\u00e9rence et de qualit\u00e9. La forme, la consistance et le go\u00fbt sont assur\u00e9s par une s\u00e9v\u00e8re s\u00e9lection des ingr\u00e9dients qui sont manipul\u00e9s dans des espaces s\u00fbrs et selon les crit\u00e8res les plus s\u00e9v\u00e8res de traitement et de s\u00e9curit\u00e9 &hellip; <a href=\"https:\/\/www.stroppabio.it\/fr\/certifications\/\" class=\"more-link\">Continue reading <span class=\"screen-reader-text\">Certifications<\/span><\/a><\/p>\n","protected":false},"author":1,"featured_media":0,"parent":0,"menu_order":2,"comment_status":"closed","ping_status":"closed","template":"","meta":{"footnotes":""},"class_list":["post-2868","page","type-page","status-publish","hentry"],"aioseo_notices":[],"_links":{"self":[{"href":"https:\/\/www.stroppabio.it\/fr\/wp-json\/wp\/v2\/pages\/2868","targetHints":{"allow":["GET"]}}],"collection":[{"href":"https:\/\/www.stroppabio.it\/fr\/wp-json\/wp\/v2\/pages"}],"about":[{"href":"https:\/\/www.stroppabio.it\/fr\/wp-json\/wp\/v2\/types\/page"}],"author":[{"embeddable":true,"href":"https:\/\/www.stroppabio.it\/fr\/wp-json\/wp\/v2\/users\/1"}],"replies":[{"embeddable":true,"href":"https:\/\/www.stroppabio.it\/fr\/wp-json\/wp\/v2\/comments?post=2868"}],"version-history":[{"count":13,"href":"https:\/\/www.stroppabio.it\/fr\/wp-json\/wp\/v2\/pages\/2868\/revisions"}],"predecessor-version":[{"id":4385,"href":"https:\/\/www.stroppabio.it\/fr\/wp-json\/wp\/v2\/pages\/2868\/revisions\/4385"}],"wp:attachment":[{"href":"https:\/\/www.stroppabio.it\/fr\/wp-json\/wp\/v2\/media?parent=2868"}],"curies":[{"name":"wp","href":"https:\/\/api.w.org\/{rel}","templated":true}]}}