{"id":2875,"date":"2018-04-27T15:39:51","date_gmt":"2018-04-27T13:39:51","guid":{"rendered":"http:\/\/www.stroppabio.it\/fr\/?page_id=2875"},"modified":"2018-05-04T16:05:32","modified_gmt":"2018-05-04T14:05:32","slug":"qui-est-stroppa-bio","status":"publish","type":"page","link":"https:\/\/www.stroppabio.it\/fr\/qui-est-stroppa-bio\/","title":{"rendered":"Qui est Stroppa Bio"},"content":{"rendered":"<div class=\"wpb-content-wrapper\"><p>[vc_row][vc_column width=&#8221;1\/2&#8243;][vc_column_text]<\/p>\n<blockquote><p>La nouvelle gamme de produits Stroppa Bio na\u00eet de la passion pour les mati\u00e8res premi\u00e8res \u2013 <em>recherch\u00e9es avec soin et provenantes de cultures biologiques certifi\u00e9es<\/em> \u2013 et avec le but d\u2019offrir des produits qui flattent les palais avec leur <strong>harmonie de saveurs d\u2019une qualit\u00e9 sup\u00e9rieure<\/strong> tout en respectant l\u2019environnement.<\/p><\/blockquote>\n<p>[\/vc_column_text][\/vc_column][vc_column width=&#8221;1\/2&#8243;][vc_single_image image=&#8221;2888&#8243; img_size=&#8221;full&#8221;][\/vc_column][\/vc_row]<\/p>\n<\/div>","protected":false},"excerpt":{"rendered":"<p>[vc_row][vc_column width=&#8221;1\/2&#8243;][vc_column_text] La nouvelle gamme de produits Stroppa Bio na\u00eet de la passion pour les mati\u00e8res premi\u00e8res \u2013 recherch\u00e9es avec soin et provenantes de cultures biologiques certifi\u00e9es \u2013 et avec le but d\u2019offrir des produits qui flattent les palais avec leur harmonie de saveurs d\u2019une qualit\u00e9 sup\u00e9rieure tout en respectant l\u2019environnement. [\/vc_column_text][\/vc_column][vc_column width=&#8221;1\/2&#8243;][vc_single_image image=&#8221;2888&#8243; img_size=&#8221;full&#8221;][\/vc_column][\/vc_row]<\/p>\n","protected":false},"author":1,"featured_media":0,"parent":0,"menu_order":0,"comment_status":"closed","ping_status":"closed","template":"","meta":{"footnotes":""},"class_list":["post-2875","page","type-page","status-publish","hentry"],"aioseo_notices":[],"_links":{"self":[{"href":"https:\/\/www.stroppabio.it\/fr\/wp-json\/wp\/v2\/pages\/2875","targetHints":{"allow":["GET"]}}],"collection":[{"href":"https:\/\/www.stroppabio.it\/fr\/wp-json\/wp\/v2\/pages"}],"about":[{"href":"https:\/\/www.stroppabio.it\/fr\/wp-json\/wp\/v2\/types\/page"}],"author":[{"embeddable":true,"href":"https:\/\/www.stroppabio.it\/fr\/wp-json\/wp\/v2\/users\/1"}],"replies":[{"embeddable":true,"href":"https:\/\/www.stroppabio.it\/fr\/wp-json\/wp\/v2\/comments?post=2875"}],"version-history":[{"count":0,"href":"https:\/\/www.stroppabio.it\/fr\/wp-json\/wp\/v2\/pages\/2875\/revisions"}],"wp:attachment":[{"href":"https:\/\/www.stroppabio.it\/fr\/wp-json\/wp\/v2\/media?parent=2875"}],"curies":[{"name":"wp","href":"https:\/\/api.w.org\/{rel}","templated":true}]}}