{"id":3182,"date":"2018-05-09T10:57:52","date_gmt":"2018-05-09T08:57:52","guid":{"rendered":"http:\/\/www.stroppabio.it\/fr\/?page_id=3182"},"modified":"2018-09-10T12:06:54","modified_gmt":"2018-09-10T10:06:54","slug":"produits-de-qualite","status":"publish","type":"page","link":"https:\/\/www.stroppabio.it\/fr\/produits-de-qualite\/","title":{"rendered":"Produits de qualit\u00e9"},"content":{"rendered":"<div class=\"wpb-content-wrapper\"><p>[vc_row el_class=&#8221;text-center&#8221;][vc_column][tbay_title_heading title=&#8221;Qualit\u00e9 &#8221; descript=&#8221;depuis 1970&#8243; style=&#8221;style2&#8243; align=&#8221;center&#8221; buttons=&#8221;btn-default btn-outline&#8221; buttons2=&#8221;btn-default btn-outline&#8221; el_class=&#8221;title_underlined text-center&#8221;][vc_column_text css_animation=&#8221;fadeInUp&#8221;]<\/p>\n<div class=\"about-sub\">\n<p>La qualit\u00e9 est toujours la m\u00eame depuis 1970: des p\u00e2tes fra\u00eeches pour cr\u00e9er des <strong>plats d\u00e9licieux<\/strong> et pour vivre une <strong>exp\u00e9rience du go<\/strong><strong>\u00fb<\/strong><strong>t<\/strong> avec la saveur typique et unique de la tradition italienne. Avec une fourchette de formats entre 250g et 1kg pour les grandes r\u00e9ceptions et avec une dur\u00e9e de conservation jusqu\u2019\u00e0 90 jours, Stroppa Bio offre des p\u00e2tes, tels que <em>gnocchi, tortelloni, cappelletti, tagliatelle, orecchiette, trofie, foglie d\u2019ulivo, lasagne, mezzelune, girasoli, quadratoni, gnocchetti <\/em>et <em>polentine<\/em>.<\/p>\n<\/div>\n<p>[\/vc_column_text][vc_row_inner css=&#8221;.vc_custom_1504689041779{background-color: #fcfcfc !important;}&#8221;][vc_column_inner width=&#8221;1\/2&#8243;][vc_single_image image=&#8221;2408&#8243; img_size=&#8221;full&#8221; css_animation=&#8221;fadeInLeft&#8221; el_class=&#8221;no-link&#8221;][\/vc_column_inner][vc_column_inner width=&#8221;1\/2&#8243; css=&#8221;.vc_custom_1504689074321{padding-top: 113px !important;}&#8221;][tbay_title_heading title=&#8221;Ingr\u00e9dients s\u00e9lectionn\u00e9s &#8221; descript=&#8221;un par un &#8221; align=&#8221;center&#8221; buttons=&#8221;btn-default btn-outline&#8221; buttons2=&#8221;btn-default btn-outline&#8221; el_class=&#8221;title_underlined text-center&#8221;][vc_column_text css_animation=&#8221;fadeInUp&#8221;]<\/p>\n<div class=\"about-sub\">Choisis avec soin par les producteurs les meilleurs, ils permettent d\u2019offrir des produits artisanaux de <strong>haute qualit\u00e9<\/strong>.<\/div>\n<p>[\/vc_column_text][\/vc_column_inner][\/vc_row_inner][vc_row_inner css=&#8221;.vc_custom_1504689041779{background-color: #fcfcfc !important;}&#8221;][vc_column_inner el_class=&#8221; pull-right&#8221; width=&#8221;1\/2&#8243;][vc_single_image image=&#8221;3635&#8243; img_size=&#8221;full&#8221; css_animation=&#8221;fadeInRight&#8221; el_class=&#8221;no-link&#8221;][\/vc_column_inner][vc_column_inner width=&#8221;1\/2&#8243; css=&#8221;.vc_custom_1504689074321{padding-top: 113px !important;}&#8221;][tbay_title_heading title=&#8221;Voil\u00e0 la cuisine italienne &#8221; descript=&#8221;sur la table&#8221; align=&#8221;center&#8221; buttons=&#8221;btn-default btn-outline&#8221; buttons2=&#8221;btn-default btn-outline&#8221; el_class=&#8221;title_underlined text-center&#8221;][vc_column_text css_animation=&#8221;fadeInUp&#8221;]<\/p>\n<div class=\"about-sub\">\n<p>Chaque pi\u00e8ce est cr\u00e9\u00e9e avec le <strong>soin<\/strong> et avec la <strong>passion<\/strong> qui nous ont toujours caract\u00e9ris\u00e9s et avec lesquels nous portons nos produits dans toutes les maisons europ\u00e9ennes pour que <strong>la magie de concepts comme famille, bonne cuisine et plaisirs de la table puissent revivre.<\/strong><\/p>\n<\/div>\n<p>[\/vc_column_text][\/vc_column_inner][\/vc_row_inner][\/vc_column][\/vc_row][vc_row][vc_column][vc_empty_space height=&#8221;50px&#8221;][\/vc_column][\/vc_row]<\/p>\n<\/div>","protected":false},"excerpt":{"rendered":"<p>[vc_row el_class=&#8221;text-center&#8221;][vc_column][tbay_title_heading title=&#8221;Qualit\u00e9 &#8221; descript=&#8221;depuis 1970&#8243; style=&#8221;style2&#8243; align=&#8221;center&#8221; buttons=&#8221;btn-default btn-outline&#8221; buttons2=&#8221;btn-default btn-outline&#8221; el_class=&#8221;title_underlined text-center&#8221;][vc_column_text css_animation=&#8221;fadeInUp&#8221;] La qualit\u00e9 est toujours la m\u00eame depuis 1970: des p\u00e2tes fra\u00eeches pour cr\u00e9er des plats d\u00e9licieux et pour vivre une exp\u00e9rience du go\u00fbt avec la saveur typique et unique de la tradition italienne. Avec une fourchette de formats entre 250g &hellip; <a href=\"https:\/\/www.stroppabio.it\/fr\/produits-de-qualite\/\" class=\"more-link\">Continue reading <span class=\"screen-reader-text\">Produits de qualit\u00e9<\/span><\/a><\/p>\n","protected":false},"author":1,"featured_media":0,"parent":0,"menu_order":4,"comment_status":"closed","ping_status":"closed","template":"","meta":{"footnotes":""},"class_list":["post-3182","page","type-page","status-publish","hentry"],"aioseo_notices":[],"_links":{"self":[{"href":"https:\/\/www.stroppabio.it\/fr\/wp-json\/wp\/v2\/pages\/3182","targetHints":{"allow":["GET"]}}],"collection":[{"href":"https:\/\/www.stroppabio.it\/fr\/wp-json\/wp\/v2\/pages"}],"about":[{"href":"https:\/\/www.stroppabio.it\/fr\/wp-json\/wp\/v2\/types\/page"}],"author":[{"embeddable":true,"href":"https:\/\/www.stroppabio.it\/fr\/wp-json\/wp\/v2\/users\/1"}],"replies":[{"embeddable":true,"href":"https:\/\/www.stroppabio.it\/fr\/wp-json\/wp\/v2\/comments?post=3182"}],"version-history":[{"count":1,"href":"https:\/\/www.stroppabio.it\/fr\/wp-json\/wp\/v2\/pages\/3182\/revisions"}],"predecessor-version":[{"id":3701,"href":"https:\/\/www.stroppabio.it\/fr\/wp-json\/wp\/v2\/pages\/3182\/revisions\/3701"}],"wp:attachment":[{"href":"https:\/\/www.stroppabio.it\/fr\/wp-json\/wp\/v2\/media?parent=3182"}],"curies":[{"name":"wp","href":"https:\/\/api.w.org\/{rel}","templated":true}]}}