{"id":4070,"date":"2020-02-05T14:56:22","date_gmt":"2020-02-05T13:56:22","guid":{"rendered":"http:\/\/www.stroppabio.it\/?page_id=4070"},"modified":"2020-02-07T16:41:07","modified_gmt":"2020-02-07T15:41:07","slug":"pasta-fresca-ai-legumi","status":"publish","type":"page","link":"https:\/\/www.stroppabio.it\/fr\/delices-biologiques\/pasta-fresca-ai-legumi\/","title":{"rendered":"Pasta fresca ai legumi"},"content":{"rendered":"<div class=\"wpb-content-wrapper\"><p>[vc_row][vc_column][tbay_title_heading title=&#8221;Pasta fresca ai legumi&#8221; descript=&#8221;D\u00e9lices Biologiques&#8221; align=&#8221;center&#8221;][\/vc_column][\/vc_row][vc_row][vc_column width=&#8221;1\/2&#8243;][vc_single_image image=&#8221;4071&#8243; img_size=&#8221;full&#8221; css_animation=&#8221;fadeInLeft&#8221;][\/vc_column][vc_column width=&#8221;1\/2&#8243;][vc_column_text]<\/p>\n<blockquote><p>La bont\u00e9 et les propri\u00e9t\u00e9s nutritives des l\u00e9gumes au go\u00fbt original.<\/p><\/blockquote>\n<p>[\/vc_column_text][vc_tta_tour][vc_tta_section title=&#8221;Fusilli ai ceci&#8221; tab_id=&#8221;1522688601935-8951f683-a5b2&#8243;][vc_column_text]Des p\u00e2tes tr\u00e8s app\u00e9tissantes et parfaites pour retenir toute sauce et tout condiment, un choix de sant\u00e9 et de saveur pour vos repas.[\/vc_column_text][vc_single_image image=&#8221;4149&#8243; img_size=&#8221;full&#8221; css_animation=&#8221;top-to-bottom&#8221;][\/vc_tta_section][vc_tta_section title=&#8221;Volanti alle lenticchie rosse&#8221; tab_id=&#8221;1580909488347-f8d98d65-0992&#8243;][vc_column_text]\u00c0 la forme originale et inusuelle, des p\u00e2tes uniques avec une saveur all\u00e9chante et parfaite pour les plus petits aussi.[\/vc_column_text][vc_single_image image=&#8221;4072&#8243; img_size=&#8221;full&#8221; css_animation=&#8221;top-to-bottom&#8221;][\/vc_tta_section][vc_tta_section title=&#8221;Sedanini ai piselli&#8221; tab_id=&#8221;1580909486113-5177244b-a142&#8243;][vc_column_text]Des p\u00e2tes courtes l\u00e9g\u00e8rement courb\u00e9es. Hypocaloriques et riches en prot\u00e9ines, ces p\u00e2tes gardent les propri\u00e9t\u00e9s b\u00e9n\u00e9fiques de l\u00e9gumes qui les composent.[\/vc_column_text][vc_single_image image=&#8221;4150&#8243; img_size=&#8221;full&#8221; css_animation=&#8221;top-to-bottom&#8221;][\/vc_tta_section][\/vc_tta_tour][\/vc_column][\/vc_row]<\/p>\n<\/div>","protected":false},"excerpt":{"rendered":"<p>[vc_row][vc_column][tbay_title_heading title=&#8221;Pasta fresca ai legumi&#8221; descript=&#8221;D\u00e9lices Biologiques&#8221; align=&#8221;center&#8221;][\/vc_column][\/vc_row][vc_row][vc_column width=&#8221;1\/2&#8243;][vc_single_image image=&#8221;4071&#8243; img_size=&#8221;full&#8221; css_animation=&#8221;fadeInLeft&#8221;][\/vc_column][vc_column width=&#8221;1\/2&#8243;][vc_column_text] La bont\u00e9 et les propri\u00e9t\u00e9s nutritives des l\u00e9gumes au go\u00fbt original. [\/vc_column_text][vc_tta_tour][vc_tta_section title=&#8221;Fusilli ai ceci&#8221; tab_id=&#8221;1522688601935-8951f683-a5b2&#8243;][vc_column_text]Des p\u00e2tes tr\u00e8s app\u00e9tissantes et parfaites pour retenir toute sauce et tout condiment, un choix de sant\u00e9 et de saveur pour vos repas.[\/vc_column_text][vc_single_image image=&#8221;4149&#8243; img_size=&#8221;full&#8221; css_animation=&#8221;top-to-bottom&#8221;][\/vc_tta_section][vc_tta_section title=&#8221;Volanti &hellip; <a href=\"https:\/\/www.stroppabio.it\/fr\/delices-biologiques\/pasta-fresca-ai-legumi\/\" class=\"more-link\">Continue reading <span class=\"screen-reader-text\">Pasta fresca ai legumi<\/span><\/a><\/p>\n","protected":false},"author":1,"featured_media":0,"parent":2813,"menu_order":2,"comment_status":"closed","ping_status":"closed","template":"","meta":{"footnotes":""},"class_list":["post-4070","page","type-page","status-publish","hentry"],"aioseo_notices":[],"_links":{"self":[{"href":"https:\/\/www.stroppabio.it\/fr\/wp-json\/wp\/v2\/pages\/4070","targetHints":{"allow":["GET"]}}],"collection":[{"href":"https:\/\/www.stroppabio.it\/fr\/wp-json\/wp\/v2\/pages"}],"about":[{"href":"https:\/\/www.stroppabio.it\/fr\/wp-json\/wp\/v2\/types\/page"}],"author":[{"embeddable":true,"href":"https:\/\/www.stroppabio.it\/fr\/wp-json\/wp\/v2\/users\/1"}],"replies":[{"embeddable":true,"href":"https:\/\/www.stroppabio.it\/fr\/wp-json\/wp\/v2\/comments?post=4070"}],"version-history":[{"count":8,"href":"https:\/\/www.stroppabio.it\/fr\/wp-json\/wp\/v2\/pages\/4070\/revisions"}],"predecessor-version":[{"id":4152,"href":"https:\/\/www.stroppabio.it\/fr\/wp-json\/wp\/v2\/pages\/4070\/revisions\/4152"}],"up":[{"embeddable":true,"href":"https:\/\/www.stroppabio.it\/fr\/wp-json\/wp\/v2\/pages\/2813"}],"wp:attachment":[{"href":"https:\/\/www.stroppabio.it\/fr\/wp-json\/wp\/v2\/media?parent=4070"}],"curies":[{"name":"wp","href":"https:\/\/api.w.org\/{rel}","templated":true}]}}